{"id":12,"date":"2016-06-21T06:24:31","date_gmt":"2016-06-21T06:24:31","guid":{"rendered":"http:\/\/one-wpthemes.com\/theme4\/?page_id=12"},"modified":"2021-02-17T11:13:41","modified_gmt":"2021-02-17T11:13:41","slug":"onzehonden","status":"publish","type":"page","link":"https:\/\/vorosvadasz.com\/?page_id=12","title":{"rendered":"Onze Honden"},"content":{"rendered":"\t\t<div data-elementor-type=\"wp-page\" data-elementor-id=\"12\" class=\"elementor elementor-12\">\n\t\t\t\t\t\t<div class=\"elementor-inner\">\n\t\t\t\t<div class=\"elementor-section-wrap\">\n\t\t\t\t\t\t\t\t\t<section class=\"elementor-section elementor-top-section elementor-element elementor-element-6b115cd elementor-section-boxed elementor-section-height-default elementor-section-height-default\" data-id=\"6b115cd\" data-element_type=\"section\">\n\t\t\t\t\t\t<div class=\"elementor-container elementor-column-gap-default\">\n\t\t\t\t\t\t\t<div class=\"elementor-row\">\n\t\t\t\t\t<div class=\"elementor-column elementor-col-100 elementor-top-column elementor-element elementor-element-f16513f\" data-id=\"f16513f\" data-element_type=\"column\">\n\t\t\t<div class=\"elementor-column-wrap elementor-element-populated\">\n\t\t\t\t\t\t\t<div class=\"elementor-widget-wrap\">\n\t\t\t\t\t\t<div class=\"elementor-element elementor-element-e74f5af elementor-position-left elementor-vertical-align-top elementor-widget elementor-widget-image-box\" data-id=\"e74f5af\" data-element_type=\"widget\" data-widget_type=\"image-box.default\">\n\t\t\t\t<div class=\"elementor-widget-container\">\n\t\t\t<div class=\"elementor-image-box-wrapper\"><figure class=\"elementor-image-box-img\"><a href=\"https:\/\/vorosvadasz.com\/?page_id=1866\"><img width=\"1280\" height=\"853\" src=\"https:\/\/vorosvadasz.com\/wp-content\/uploads\/2021\/02\/Szilaz-portraet.jpg\" class=\"attachment-full size-full wp-image-2745\" alt=\"\" loading=\"lazy\" srcset=\"https:\/\/vorosvadasz.com\/wp-content\/uploads\/2021\/02\/Szilaz-portraet.jpg 1280w, https:\/\/vorosvadasz.com\/wp-content\/uploads\/2021\/02\/Szilaz-portraet-300x200.jpg 300w, https:\/\/vorosvadasz.com\/wp-content\/uploads\/2021\/02\/Szilaz-portraet-1024x682.jpg 1024w, https:\/\/vorosvadasz.com\/wp-content\/uploads\/2021\/02\/Szilaz-portraet-768x512.jpg 768w, https:\/\/vorosvadasz.com\/wp-content\/uploads\/2021\/02\/Szilaz-portraet-600x400.jpg 600w\" sizes=\"(max-width: 1280px) 100vw, 1280px\" \/><\/a><\/figure><div class=\"elementor-image-box-content\"><h3 class=\"elementor-image-box-title\"><a href=\"https:\/\/vorosvadasz.com\/?page_id=1866\">Quodian's Rembrandt<\/a><\/h3><p class=\"elementor-image-box-description\">Quodian's Rembrandt, roepnaam Szilaz, geboren 16 mei 2011. Szilaz gebruiken wij bij de praktijk jacht, op veldwerkwedstrijden, bij het zweetwerk en af en toe nog op een show.\nSzilaz staat vermeld op de dekreuen lijst van de Vizsla vereniging, Szilaz heeft een behoorlijk aantal titels en kwalificaties.                                                                                                                                                                                                      <\/p><\/div><\/div>\t\t<\/div>\n\t\t\t\t<\/div>\n\t\t\t\t<div class=\"elementor-element elementor-element-3164eb6 elementor-position-left elementor-vertical-align-top elementor-widget elementor-widget-image-box\" data-id=\"3164eb6\" data-element_type=\"widget\" data-widget_type=\"image-box.default\">\n\t\t\t\t<div class=\"elementor-widget-container\">\n\t\t\t<div class=\"elementor-image-box-wrapper\"><figure class=\"elementor-image-box-img\"><a href=\"https:\/\/vorosvadasz.com\/?page_id=1932\"><img width=\"2560\" height=\"1707\" src=\"https:\/\/vorosvadasz.com\/wp-content\/uploads\/2021\/02\/IMG_8273-scaled.jpg\" class=\"attachment-full size-full wp-image-2731\" alt=\"\" loading=\"lazy\" srcset=\"https:\/\/vorosvadasz.com\/wp-content\/uploads\/2021\/02\/IMG_8273-scaled.jpg 2560w, https:\/\/vorosvadasz.com\/wp-content\/uploads\/2021\/02\/IMG_8273-300x200.jpg 300w, https:\/\/vorosvadasz.com\/wp-content\/uploads\/2021\/02\/IMG_8273-1024x683.jpg 1024w, https:\/\/vorosvadasz.com\/wp-content\/uploads\/2021\/02\/IMG_8273-768x512.jpg 768w, https:\/\/vorosvadasz.com\/wp-content\/uploads\/2021\/02\/IMG_8273-1536x1024.jpg 1536w, https:\/\/vorosvadasz.com\/wp-content\/uploads\/2021\/02\/IMG_8273-2048x1365.jpg 2048w, https:\/\/vorosvadasz.com\/wp-content\/uploads\/2021\/02\/IMG_8273-600x400.jpg 600w\" sizes=\"(max-width: 2560px) 100vw, 2560px\" \/><\/a><\/figure><div class=\"elementor-image-box-content\"><h3 class=\"elementor-image-box-title\"><a href=\"https:\/\/vorosvadasz.com\/?page_id=1932\">Fekete-Baktai Blanka<\/a><\/h3><p class=\"elementor-image-box-description\">Fekete-Baktai Blanka, roepnaam Blanka, geboren 29 juni 2013. Blanka gebruiken wij bij de praktijk jacht en bij het zweetwerk. Blanka heeft enkele titels en veldwerk kwalificaties<\/p><\/div><\/div>\t\t<\/div>\n\t\t\t\t<\/div>\n\t\t\t\t<div class=\"elementor-element elementor-element-eacbfef elementor-position-left elementor-vertical-align-top elementor-widget elementor-widget-image-box\" data-id=\"eacbfef\" data-element_type=\"widget\" data-widget_type=\"image-box.default\">\n\t\t\t\t<div class=\"elementor-widget-container\">\n\t\t\t<div class=\"elementor-image-box-wrapper\"><figure class=\"elementor-image-box-img\"><a href=\"https:\/\/vorosvadasz.com\/?page_id=1933\"><img width=\"2560\" height=\"1707\" src=\"https:\/\/vorosvadasz.com\/wp-content\/uploads\/2021\/02\/IMG_8287-scaled.jpg\" class=\"attachment-full size-full wp-image-2747\" alt=\"\" loading=\"lazy\" srcset=\"https:\/\/vorosvadasz.com\/wp-content\/uploads\/2021\/02\/IMG_8287-scaled.jpg 2560w, https:\/\/vorosvadasz.com\/wp-content\/uploads\/2021\/02\/IMG_8287-300x200.jpg 300w, https:\/\/vorosvadasz.com\/wp-content\/uploads\/2021\/02\/IMG_8287-1024x683.jpg 1024w, https:\/\/vorosvadasz.com\/wp-content\/uploads\/2021\/02\/IMG_8287-768x512.jpg 768w, https:\/\/vorosvadasz.com\/wp-content\/uploads\/2021\/02\/IMG_8287-1536x1024.jpg 1536w, https:\/\/vorosvadasz.com\/wp-content\/uploads\/2021\/02\/IMG_8287-2048x1365.jpg 2048w, https:\/\/vorosvadasz.com\/wp-content\/uploads\/2021\/02\/IMG_8287-600x400.jpg 600w\" sizes=\"(max-width: 2560px) 100vw, 2560px\" \/><\/a><\/figure><div class=\"elementor-image-box-content\"><h3 class=\"elementor-image-box-title\"><a href=\"https:\/\/vorosvadasz.com\/?page_id=1933\">Quodian's Levanne<\/a><\/h3><p class=\"elementor-image-box-description\">Quodian's Levanne, roepnaam Szofia, geboren 26 juni 2014. Szofia gebruiken wij bij de praktijk jacht, op de veldwerkwedstrijden, bij het zweetwerk en af en toe op een show. Szofia heeft ook al een paar titels en kwalificaties<\/p><\/div><\/div>\t\t<\/div>\n\t\t\t\t<\/div>\n\t\t\t\t<div class=\"elementor-element elementor-element-92f8bc9 elementor-position-left elementor-vertical-align-top elementor-widget elementor-widget-image-box\" data-id=\"92f8bc9\" data-element_type=\"widget\" data-widget_type=\"image-box.default\">\n\t\t\t\t<div class=\"elementor-widget-container\">\n\t\t\t<div class=\"elementor-image-box-wrapper\"><figure class=\"elementor-image-box-img\"><a href=\"https:\/\/vorosvadasz.com\/?page_id=2354\"><img width=\"2560\" height=\"2072\" src=\"https:\/\/vorosvadasz.com\/wp-content\/uploads\/2021\/02\/IMG_6241-scaled.jpg\" class=\"attachment-full size-full wp-image-2835\" alt=\"\" loading=\"lazy\" srcset=\"https:\/\/vorosvadasz.com\/wp-content\/uploads\/2021\/02\/IMG_6241-scaled.jpg 2560w, https:\/\/vorosvadasz.com\/wp-content\/uploads\/2021\/02\/IMG_6241-300x243.jpg 300w, https:\/\/vorosvadasz.com\/wp-content\/uploads\/2021\/02\/IMG_6241-1024x829.jpg 1024w, https:\/\/vorosvadasz.com\/wp-content\/uploads\/2021\/02\/IMG_6241-768x622.jpg 768w, https:\/\/vorosvadasz.com\/wp-content\/uploads\/2021\/02\/IMG_6241-1536x1243.jpg 1536w, https:\/\/vorosvadasz.com\/wp-content\/uploads\/2021\/02\/IMG_6241-2048x1658.jpg 2048w\" sizes=\"(max-width: 2560px) 100vw, 2560px\" \/><\/a><\/figure><div class=\"elementor-image-box-content\"><h3 class=\"elementor-image-box-title\"><a href=\"https:\/\/vorosvadasz.com\/?page_id=2354\">V\u00f6r\u00f6s Vad\u00e1sz Sabatti<\/a><\/h3><p class=\"elementor-image-box-description\">V\u00f6r\u00f6s Vad\u00e1sz Sabatti, roepnaam Szara, geboren 23 juni 2018. Szara is nu in opleiding voor de veldwerk, apotering en show, later ga wij ook Zweetwerk met haar doen. De eerste show komt er aan en voor de eerste veldwerk wedstrijden<\/p><\/div><\/div>\t\t<\/div>\n\t\t\t\t<\/div>\n\t\t\t\t<div class=\"elementor-element elementor-element-42beea7 elementor-position-left elementor-vertical-align-top elementor-widget elementor-widget-image-box\" data-id=\"42beea7\" data-element_type=\"widget\" data-widget_type=\"image-box.default\">\n\t\t\t\t<div class=\"elementor-widget-container\">\n\t\t\t<div class=\"elementor-image-box-wrapper\"><figure class=\"elementor-image-box-img\"><a href=\"https:\/\/vorosvadasz.com\/?page_id=2651\"><img width=\"1952\" height=\"1500\" src=\"https:\/\/vorosvadasz.com\/wp-content\/uploads\/2021\/02\/DSCN0058-2.jpg\" class=\"attachment-full size-full wp-image-2839\" alt=\"\" loading=\"lazy\" srcset=\"https:\/\/vorosvadasz.com\/wp-content\/uploads\/2021\/02\/DSCN0058-2.jpg 1952w, https:\/\/vorosvadasz.com\/wp-content\/uploads\/2021\/02\/DSCN0058-2-300x231.jpg 300w, https:\/\/vorosvadasz.com\/wp-content\/uploads\/2021\/02\/DSCN0058-2-1024x787.jpg 1024w, https:\/\/vorosvadasz.com\/wp-content\/uploads\/2021\/02\/DSCN0058-2-768x590.jpg 768w, https:\/\/vorosvadasz.com\/wp-content\/uploads\/2021\/02\/DSCN0058-2-1536x1180.jpg 1536w\" sizes=\"(max-width: 1952px) 100vw, 1952px\" \/><\/a><\/figure><div class=\"elementor-image-box-content\"><h3 class=\"elementor-image-box-title\"><a href=\"https:\/\/vorosvadasz.com\/?page_id=2651\">V\u00f6r\u00f6s Vad\u00e1sz Edradour<\/a><\/h3><p class=\"elementor-image-box-description\">V\u00f6r\u00f6s Vad\u00e1sz Edradour, roepnaam Sofus, geboren 7 juni 2019. Szofus is nu in opleiding voor de veldwerk, appotering en show, later ga wij ook Zweetwerk met hem doen. In 2020 heb wij de eerste veldwerk wedstrijden gehad met Szofus en hier heb hij zich bewezen in zijn eerste wedstrijd<\/p><\/div><\/div>\t\t<\/div>\n\t\t\t\t<\/div>\n\t\t\t\t\t\t<\/div>\n\t\t\t\t\t<\/div>\n\t\t<\/div>\n\t\t\t\t\t\t\t\t<\/div>\n\t\t\t\t\t<\/div>\n\t\t<\/section>\n\t\t\t\t\t\t\t\t\t<\/div>\n\t\t\t<\/div>\n\t\t\t\t\t<\/div>\n\t\t","protected":false},"excerpt":{"rendered":"<p>Quodian&#8217;s Rembrandt Quodian&#8217;s Rembrandt, roepnaam Szilaz, geboren 16 mei 2011. Szilaz gebruiken wij bij de praktijk jacht, op veldwerkwedstrijden, bij het zweetwerk en af en toe nog op een show. Szilaz staat vermeld op de dekreuen lijst van de Vizsla vereniging, Szilaz heeft een behoorlijk aantal titels en kwalificaties. Fekete-Baktai<\/p>\n","protected":false},"author":1,"featured_media":0,"parent":0,"menu_order":0,"comment_status":"closed","ping_status":"closed","template":"","meta":[],"_links":{"self":[{"href":"https:\/\/vorosvadasz.com\/index.php?rest_route=\/wp\/v2\/pages\/12"}],"collection":[{"href":"https:\/\/vorosvadasz.com\/index.php?rest_route=\/wp\/v2\/pages"}],"about":[{"href":"https:\/\/vorosvadasz.com\/index.php?rest_route=\/wp\/v2\/types\/page"}],"author":[{"embeddable":true,"href":"https:\/\/vorosvadasz.com\/index.php?rest_route=\/wp\/v2\/users\/1"}],"replies":[{"embeddable":true,"href":"https:\/\/vorosvadasz.com\/index.php?rest_route=%2Fwp%2Fv2%2Fcomments&post=12"}],"version-history":[{"count":47,"href":"https:\/\/vorosvadasz.com\/index.php?rest_route=\/wp\/v2\/pages\/12\/revisions"}],"predecessor-version":[{"id":3143,"href":"https:\/\/vorosvadasz.com\/index.php?rest_route=\/wp\/v2\/pages\/12\/revisions\/3143"}],"wp:attachment":[{"href":"https:\/\/vorosvadasz.com\/index.php?rest_route=%2Fwp%2Fv2%2Fmedia&parent=12"}],"curies":[{"name":"wp","href":"https:\/\/api.w.org\/{rel}","templated":true}]}}