{"id":2354,"date":"2019-03-08T14:52:42","date_gmt":"2019-03-08T13:52:42","guid":{"rendered":"http:\/\/www.vorosvadasz.eu\/?page_id=2354"},"modified":"2021-02-11T14:08:43","modified_gmt":"2021-02-11T14:08:43","slug":"szara","status":"publish","type":"page","link":"https:\/\/vorosvadasz.com\/?page_id=2354","title":{"rendered":"Szara"},"content":{"rendered":"\t\t<div data-elementor-type=\"wp-page\" data-elementor-id=\"2354\" class=\"elementor elementor-2354\">\n\t\t\t\t\t\t<div class=\"elementor-inner\">\n\t\t\t\t<div class=\"elementor-section-wrap\">\n\t\t\t\t\t\t\t\t\t<section class=\"elementor-section elementor-top-section elementor-element elementor-element-27c19c79 elementor-section-boxed elementor-section-height-default elementor-section-height-default\" data-id=\"27c19c79\" data-element_type=\"section\">\n\t\t\t\t\t\t<div class=\"elementor-container elementor-column-gap-default\">\n\t\t\t\t\t\t\t<div class=\"elementor-row\">\n\t\t\t\t\t<div class=\"elementor-column elementor-col-100 elementor-top-column elementor-element elementor-element-65e82820\" data-id=\"65e82820\" data-element_type=\"column\">\n\t\t\t<div class=\"elementor-column-wrap elementor-element-populated\">\n\t\t\t\t\t\t\t<div class=\"elementor-widget-wrap\">\n\t\t\t\t\t\t<div class=\"elementor-element elementor-element-25132f07 elementor-position-left elementor-vertical-align-top elementor-widget elementor-widget-image-box\" data-id=\"25132f07\" data-element_type=\"widget\" data-widget_type=\"image-box.default\">\n\t\t\t\t<div class=\"elementor-widget-container\">\n\t\t\t<div class=\"elementor-image-box-wrapper\"><figure class=\"elementor-image-box-img\"><img width=\"640\" height=\"518\" src=\"https:\/\/vorosvadasz.com\/wp-content\/uploads\/2021\/02\/IMG_6241-768x622.jpg\" class=\"attachment-medium_large size-medium_large wp-image-2835\" alt=\"\" loading=\"lazy\" srcset=\"https:\/\/vorosvadasz.com\/wp-content\/uploads\/2021\/02\/IMG_6241-768x622.jpg 768w, https:\/\/vorosvadasz.com\/wp-content\/uploads\/2021\/02\/IMG_6241-300x243.jpg 300w, https:\/\/vorosvadasz.com\/wp-content\/uploads\/2021\/02\/IMG_6241-1024x829.jpg 1024w, https:\/\/vorosvadasz.com\/wp-content\/uploads\/2021\/02\/IMG_6241-1536x1243.jpg 1536w, https:\/\/vorosvadasz.com\/wp-content\/uploads\/2021\/02\/IMG_6241-2048x1658.jpg 2048w\" sizes=\"(max-width: 640px) 100vw, 640px\" \/><\/figure><div class=\"elementor-image-box-content\"><h3 class=\"elementor-image-box-title\">V\u00f6r\u00f6s Vad\u00e1sz Sabatti<\/h3><p class=\"elementor-image-box-description\"><span style=\"white-space: normal;\">V\u00f6r\u00f6s Vad\u00e1sz Sabatti, roepnaam Szara, geboren 23 juni 2018. Szara is nu in opleiding voor de veldwerk, apotering en show, later ga wij ook Zweetwerk met haar doen. De eerste show komt er aan en voor de eerste veldwerk wedstrijden.<\/span><\/p><\/div><\/div>\t\t<\/div>\n\t\t\t\t<\/div>\n\t\t\t\t<div class=\"elementor-element elementor-element-362f391f elementor-widget elementor-widget-text-editor\" data-id=\"362f391f\" data-element_type=\"widget\" data-widget_type=\"text-editor.default\">\n\t\t\t\t<div class=\"elementor-widget-container\">\n\t\t\t\t\t\t\t\t<div class=\"elementor-text-editor elementor-clearfix\">\n\t\t\t\t<h4>Veldwerk Kwalificaties:<\/h4><h4>Jeugd:<\/h4><p>16-07-2020 FT Derby Quail Oostenrijk 3&#8217;e good.<\/p><p>19-07-2020 FT Derby Quail Oostenrijk 2&#8217;e good.<\/p>\t\t\t\t\t<\/div>\n\t\t\t\t\t\t<\/div>\n\t\t\t\t<\/div>\n\t\t\t\t<div class=\"elementor-element elementor-element-6d7deee4 elementor-widget elementor-widget-gallery\" data-id=\"6d7deee4\" data-element_type=\"widget\" data-settings=\"{&quot;gallery_layout&quot;:&quot;justified&quot;,&quot;image_hover_animation&quot;:&quot;shrink-contained&quot;,&quot;ideal_row_height&quot;:{&quot;unit&quot;:&quot;px&quot;,&quot;size&quot;:200,&quot;sizes&quot;:[]},&quot;ideal_row_height_tablet&quot;:{&quot;unit&quot;:&quot;px&quot;,&quot;size&quot;:150,&quot;sizes&quot;:[]},&quot;ideal_row_height_mobile&quot;:{&quot;unit&quot;:&quot;px&quot;,&quot;size&quot;:150,&quot;sizes&quot;:[]},&quot;gap&quot;:{&quot;unit&quot;:&quot;px&quot;,&quot;size&quot;:10,&quot;sizes&quot;:[]},&quot;gap_tablet&quot;:{&quot;unit&quot;:&quot;px&quot;,&quot;size&quot;:10,&quot;sizes&quot;:[]},&quot;gap_mobile&quot;:{&quot;unit&quot;:&quot;px&quot;,&quot;size&quot;:10,&quot;sizes&quot;:[]},&quot;link_to&quot;:&quot;file&quot;,&quot;overlay_background&quot;:&quot;yes&quot;,&quot;content_hover_animation&quot;:&quot;fade-in&quot;}\" data-widget_type=\"gallery.default\">\n\t\t\t\t<div class=\"elementor-widget-container\">\n\t\t\t\t\t<div class=\"elementor-gallery__container\">\n\t\t\t\t\t\t\t<a class=\"e-gallery-item elementor-gallery-item elementor-animated-content\" href=\"https:\/\/vorosvadasz.com\/wp-content\/uploads\/2021\/02\/Szara-Stamboom-scaled.jpg\" data-elementor-open-lightbox=\"yes\" data-elementor-lightbox-slideshow=\"all-6d7deee4\" data-elementor-lightbox-title=\"Szara Stamboom\" data-e-action-hash=\"#elementor-action%3Aaction%3Dlightbox%26settings%3DeyJpZCI6MjgzOCwidXJsIjoiaHR0cHM6XC9cL3Zvcm9zdmFkYXN6LmNvbVwvd3AtY29udGVudFwvdXBsb2Fkc1wvMjAyMVwvMDJcL1N6YXJhLVN0YW1ib29tLXNjYWxlZC5qcGciLCJzbGlkZXNob3ciOiJhbGwtNmQ3ZGVlZTQifQ%3D%3D\">\n\t\t\t\t\t<div class=\"e-gallery-image elementor-gallery-item__image\" data-thumbnail=\"https:\/\/vorosvadasz.com\/wp-content\/uploads\/2021\/02\/Szara-Stamboom-210x300.jpg\" data-width=\"210\" data-height=\"300\" alt=\"\" ><\/div>\n\t\t\t\t\t\t\t\t\t\t<div class=\"elementor-gallery-item__overlay\"><\/div>\n\t\t\t\t\t\t\t\t\t\t\t\t\t\t<\/a>\n\t\t\t\t\t\t\t<a class=\"e-gallery-item elementor-gallery-item elementor-animated-content\" href=\"https:\/\/vorosvadasz.com\/wp-content\/uploads\/2021\/02\/Brugshonden-Cert.jpg\" data-elementor-open-lightbox=\"yes\" data-elementor-lightbox-slideshow=\"all-6d7deee4\" data-elementor-lightbox-title=\"Brugshonden Cert\" data-e-action-hash=\"#elementor-action%3Aaction%3Dlightbox%26settings%3DeyJpZCI6MjgzNCwidXJsIjoiaHR0cHM6XC9cL3Zvcm9zdmFkYXN6LmNvbVwvd3AtY29udGVudFwvdXBsb2Fkc1wvMjAyMVwvMDJcL0JydWdzaG9uZGVuLUNlcnQuanBnIiwic2xpZGVzaG93IjoiYWxsLTZkN2RlZWU0In0%3D\">\n\t\t\t\t\t<div class=\"e-gallery-image elementor-gallery-item__image\" data-thumbnail=\"https:\/\/vorosvadasz.com\/wp-content\/uploads\/2021\/02\/Brugshonden-Cert-214x300.jpg\" data-width=\"214\" data-height=\"300\" alt=\"\" ><\/div>\n\t\t\t\t\t\t\t\t\t\t<div class=\"elementor-gallery-item__overlay\"><\/div>\n\t\t\t\t\t\t\t\t\t\t\t\t\t\t<\/a>\n\t\t\t\t\t\t\t<a class=\"e-gallery-item elementor-gallery-item elementor-animated-content\" href=\"https:\/\/vorosvadasz.com\/wp-content\/uploads\/2021\/02\/Szara-HD.jpg\" data-elementor-open-lightbox=\"yes\" data-elementor-lightbox-slideshow=\"all-6d7deee4\" data-elementor-lightbox-title=\"Szara HD\" data-e-action-hash=\"#elementor-action%3Aaction%3Dlightbox%26settings%3DeyJpZCI6MjgzNywidXJsIjoiaHR0cHM6XC9cL3Zvcm9zdmFkYXN6LmNvbVwvd3AtY29udGVudFwvdXBsb2Fkc1wvMjAyMVwvMDJcL1N6YXJhLUhELmpwZyIsInNsaWRlc2hvdyI6ImFsbC02ZDdkZWVlNCJ9\">\n\t\t\t\t\t<div class=\"e-gallery-image elementor-gallery-item__image\" data-thumbnail=\"https:\/\/vorosvadasz.com\/wp-content\/uploads\/2021\/02\/Szara-HD-231x300.jpg\" data-width=\"231\" data-height=\"300\" alt=\"\" ><\/div>\n\t\t\t\t\t\t\t\t\t\t<div class=\"elementor-gallery-item__overlay\"><\/div>\n\t\t\t\t\t\t\t\t\t\t\t\t\t\t<\/a>\n\t\t\t\t\t\t\t<a class=\"e-gallery-item elementor-gallery-item elementor-animated-content\" href=\"https:\/\/vorosvadasz.com\/wp-content\/uploads\/2021\/02\/Oogtest-Szara.jpg\" data-elementor-open-lightbox=\"yes\" data-elementor-lightbox-slideshow=\"all-6d7deee4\" data-elementor-lightbox-title=\"Oogtest Szara\" data-e-action-hash=\"#elementor-action%3Aaction%3Dlightbox%26settings%3DeyJpZCI6MjgzNiwidXJsIjoiaHR0cHM6XC9cL3Zvcm9zdmFkYXN6LmNvbVwvd3AtY29udGVudFwvdXBsb2Fkc1wvMjAyMVwvMDJcL09vZ3Rlc3QtU3phcmEuanBnIiwic2xpZGVzaG93IjoiYWxsLTZkN2RlZWU0In0%3D\">\n\t\t\t\t\t<div class=\"e-gallery-image elementor-gallery-item__image\" data-thumbnail=\"https:\/\/vorosvadasz.com\/wp-content\/uploads\/2021\/02\/Oogtest-Szara-211x300.jpg\" data-width=\"211\" data-height=\"300\" alt=\"\" ><\/div>\n\t\t\t\t\t\t\t\t\t\t<div class=\"elementor-gallery-item__overlay\"><\/div>\n\t\t\t\t\t\t\t\t\t\t\t\t\t\t<\/a>\n\t\t\t\t\t<\/div>\n\t\t\t<\/div>\n\t\t\t\t<\/div>\n\t\t\t\t\t\t<\/div>\n\t\t\t\t\t<\/div>\n\t\t<\/div>\n\t\t\t\t\t\t\t\t<\/div>\n\t\t\t\t\t<\/div>\n\t\t<\/section>\n\t\t\t\t\t\t\t\t\t<\/div>\n\t\t\t<\/div>\n\t\t\t\t\t<\/div>\n\t\t","protected":false},"excerpt":{"rendered":"<p>V\u00f6r\u00f6s Vad\u00e1sz Sabatti V\u00f6r\u00f6s Vad\u00e1sz Sabatti, roepnaam Szara, geboren 23 juni 2018. Szara is nu in opleiding voor de veldwerk, apotering en show, later ga wij ook Zweetwerk met haar doen. De eerste show komt er aan en voor de eerste veldwerk wedstrijden. Veldwerk Kwalificaties: Jeugd: 16-07-2020 FT Derby Quail<\/p>\n","protected":false},"author":1,"featured_media":0,"parent":0,"menu_order":0,"comment_status":"closed","ping_status":"closed","template":"","meta":[],"_links":{"self":[{"href":"https:\/\/vorosvadasz.com\/index.php?rest_route=\/wp\/v2\/pages\/2354"}],"collection":[{"href":"https:\/\/vorosvadasz.com\/index.php?rest_route=\/wp\/v2\/pages"}],"about":[{"href":"https:\/\/vorosvadasz.com\/index.php?rest_route=\/wp\/v2\/types\/page"}],"author":[{"embeddable":true,"href":"https:\/\/vorosvadasz.com\/index.php?rest_route=\/wp\/v2\/users\/1"}],"replies":[{"embeddable":true,"href":"https:\/\/vorosvadasz.com\/index.php?rest_route=%2Fwp%2Fv2%2Fcomments&post=2354"}],"version-history":[{"count":12,"href":"https:\/\/vorosvadasz.com\/index.php?rest_route=\/wp\/v2\/pages\/2354\/revisions"}],"predecessor-version":[{"id":3001,"href":"https:\/\/vorosvadasz.com\/index.php?rest_route=\/wp\/v2\/pages\/2354\/revisions\/3001"}],"wp:attachment":[{"href":"https:\/\/vorosvadasz.com\/index.php?rest_route=%2Fwp%2Fv2%2Fmedia&parent=2354"}],"curies":[{"name":"wp","href":"https:\/\/api.w.org\/{rel}","templated":true}]}}