{"id":2442,"date":"2019-03-11T12:15:25","date_gmt":"2019-03-11T11:15:25","guid":{"rendered":"http:\/\/www.vorosvadasz.eu\/?page_id=2442"},"modified":"2021-02-17T11:39:48","modified_gmt":"2021-02-17T11:39:48","slug":"nieuws","status":"publish","type":"page","link":"https:\/\/vorosvadasz.com\/?page_id=2442","title":{"rendered":"Nieuws"},"content":{"rendered":"\t\t<div data-elementor-type=\"wp-page\" data-elementor-id=\"2442\" class=\"elementor elementor-2442\">\n\t\t\t\t\t\t<div class=\"elementor-inner\">\n\t\t\t\t<div class=\"elementor-section-wrap\">\n\t\t\t\t\t\t\t\t\t<section class=\"elementor-section elementor-top-section elementor-element elementor-element-801aa2f elementor-section-boxed elementor-section-height-default elementor-section-height-default\" data-id=\"801aa2f\" data-element_type=\"section\">\n\t\t\t\t\t\t<div class=\"elementor-container elementor-column-gap-default\">\n\t\t\t\t\t\t\t<div class=\"elementor-row\">\n\t\t\t\t\t<div class=\"elementor-column elementor-col-100 elementor-top-column elementor-element elementor-element-ab3443e\" data-id=\"ab3443e\" data-element_type=\"column\">\n\t\t\t<div class=\"elementor-column-wrap elementor-element-populated\">\n\t\t\t\t\t\t\t<div class=\"elementor-widget-wrap\">\n\t\t\t\t\t\t<div class=\"elementor-element elementor-element-d68ab50 elementor-widget elementor-widget-text-editor\" data-id=\"d68ab50\" data-element_type=\"widget\" data-widget_type=\"text-editor.default\">\n\t\t\t\t<div class=\"elementor-widget-container\">\n\t\t\t\t\t\t\t\t<div class=\"elementor-text-editor elementor-clearfix\">\n\t\t\t\t<p>7 februari 2021<\/p><p>Eendelig hebben wij de goedkeuring van de Nederlandse Vizsla club, voor onze volgende geplande nest Baktai Fekete-Blanka (Blanka) x V\u00f6r\u00f6s Vad\u00e1sz Edradour (Szofus), wij verwachten puppy\u2019s met een grote jacht instinkt, veel passie en een goede karakter. Wij verwachten de dekking medio mart.\u00a0 \u00a0 \u00a0 \u00a0 \u00a0 \u00a0 \u00a0 \u00a0 \u00a0 \u00a0 \u00a0 \u00a0 \u00a0 \u00a0 \u00a0 \u00a0 \u00a0 \u00a0 \u00a0 \u00a0 \u00a0 \u00a0 \u00a0 \u00a0 \u00a0 \u00a0 \u00a0 \u00a0 \u00a0 \u00a0 \u00a0 \u00a0 \u00a0 \u00a0 \u00a0 \u00a0 \u00a0 \u00a0 \u00a0 \u00a0 \u00a0 \u00a0 \u00a0 \u00a0 \u00a0 \u00a0 \u00a0 \u00a0 \u00a0 \u00a0 \u00a0 \u00a0 \u00a0 \u00a0 \u00a0 \u00a0 \u00a0 \u00a0 \u00a0 \u00a0 \u00a0 \u00a0 \u00a0 \u00a0 \u00a0 \u00a0 \u00a0 \u00a0 \u00a0 \u00a0 \u00a0 \u00a0 \u00a0 \u00a0 \u00a0 \u00a0 \u00a0 \u00a0 \u00a0 \u00a0 \u00a0 \u00a0 \u00a0 \u00a0 \u00a0 \u00a0 \u00a0 \u00a0 \u00a0 \u00a0 \u00a0 \u00a0 \u00a0 \u00a0 \u00a0 \u00a0 \u00a0 \u00a0 \u00a0 \u00a0 \u00a0 \u00a0 \u00a0 \u00a0 \u00a0 \u00a0 \u00a0 \u00a0 \u00a0 \u00a0 \u00a0 \u00a0 \u00a0 \u00a0 \u00a0 \u00a0 \u00a0 \u00a0 \u00a0 Blanka heb zich bewezen in de Veldwerk, zweetwerk en word ook gebruikt als praktijk jacht hond. Szofus heb ondanks zijn jonge leeftijd zich al in zijn eerste wedstrijd bewezen in de veldwerk. Deze nest hebben een inteeltco\u00ebffici\u00ebnt van 1,5% en wij denken dat wij een perfect match hebben gevonden.<\/p>\t\t\t\t\t<\/div>\n\t\t\t\t\t\t<\/div>\n\t\t\t\t<\/div>\n\t\t\t\t<div class=\"elementor-element elementor-element-fafe719 elementor-widget elementor-widget-image-gallery\" data-id=\"fafe719\" data-element_type=\"widget\" data-widget_type=\"image-gallery.default\">\n\t\t\t\t<div class=\"elementor-widget-container\">\n\t\t\t\t\t<div class=\"elementor-image-gallery\">\n\t\t\t<div id='gallery-1' class='gallery galleryid-2442 gallery-columns-3 gallery-size-medium'><figure class='gallery-item'>\n\t\t\t<div class='gallery-icon landscape'>\n\t\t\t\t<a data-elementor-open-lightbox=\"yes\" data-elementor-lightbox-slideshow=\"fafe719\" data-elementor-lightbox-title=\"20210216_172026\" data-e-action-hash=\"#elementor-action%3Aaction%3Dlightbox%26settings%3DeyJpZCI6MzE0NSwidXJsIjoiaHR0cHM6XC9cL3Zvcm9zdmFkYXN6LmNvbVwvd3AtY29udGVudFwvdXBsb2Fkc1wvMjAyMVwvMDJcLzIwMjEwMjE2XzE3MjAyNi1zY2FsZWQuanBnIiwic2xpZGVzaG93IjoiZmFmZTcxOSJ9\" href='https:\/\/vorosvadasz.com\/wp-content\/uploads\/2021\/02\/20210216_172026-scaled.jpg'><img width=\"300\" height=\"225\" src=\"https:\/\/vorosvadasz.com\/wp-content\/uploads\/2021\/02\/20210216_172026-300x225.jpg\" class=\"attachment-medium size-medium\" alt=\"Blanka\" loading=\"lazy\" aria-describedby=\"gallery-1-3145\" srcset=\"https:\/\/vorosvadasz.com\/wp-content\/uploads\/2021\/02\/20210216_172026-300x225.jpg 300w, https:\/\/vorosvadasz.com\/wp-content\/uploads\/2021\/02\/20210216_172026-1024x768.jpg 1024w, https:\/\/vorosvadasz.com\/wp-content\/uploads\/2021\/02\/20210216_172026-768x576.jpg 768w, https:\/\/vorosvadasz.com\/wp-content\/uploads\/2021\/02\/20210216_172026-1536x1152.jpg 1536w, https:\/\/vorosvadasz.com\/wp-content\/uploads\/2021\/02\/20210216_172026-2048x1536.jpg 2048w\" sizes=\"(max-width: 300px) 100vw, 300px\" \/><\/a>\n\t\t\t<\/div>\n\t\t\t\t<figcaption class='wp-caption-text gallery-caption' id='gallery-1-3145'>\n\t\t\t\tBlanka\n\t\t\t\t<\/figcaption><\/figure><figure class='gallery-item'>\n\t\t\t<div class='gallery-icon landscape'>\n\t\t\t\t<a data-elementor-open-lightbox=\"yes\" data-elementor-lightbox-slideshow=\"fafe719\" data-elementor-lightbox-title=\"20210216_170805\" data-e-action-hash=\"#elementor-action%3Aaction%3Dlightbox%26settings%3DeyJpZCI6MzE0NiwidXJsIjoiaHR0cHM6XC9cL3Zvcm9zdmFkYXN6LmNvbVwvd3AtY29udGVudFwvdXBsb2Fkc1wvMjAyMVwvMDJcLzIwMjEwMjE2XzE3MDgwNS1zY2FsZWQuanBnIiwic2xpZGVzaG93IjoiZmFmZTcxOSJ9\" href='https:\/\/vorosvadasz.com\/wp-content\/uploads\/2021\/02\/20210216_170805-scaled.jpg'><img width=\"300\" height=\"225\" src=\"https:\/\/vorosvadasz.com\/wp-content\/uploads\/2021\/02\/20210216_170805-300x225.jpg\" class=\"attachment-medium size-medium\" alt=\"Szofus\" loading=\"lazy\" aria-describedby=\"gallery-1-3146\" srcset=\"https:\/\/vorosvadasz.com\/wp-content\/uploads\/2021\/02\/20210216_170805-300x225.jpg 300w, https:\/\/vorosvadasz.com\/wp-content\/uploads\/2021\/02\/20210216_170805-1024x768.jpg 1024w, https:\/\/vorosvadasz.com\/wp-content\/uploads\/2021\/02\/20210216_170805-768x576.jpg 768w, https:\/\/vorosvadasz.com\/wp-content\/uploads\/2021\/02\/20210216_170805-1536x1152.jpg 1536w, https:\/\/vorosvadasz.com\/wp-content\/uploads\/2021\/02\/20210216_170805-2048x1536.jpg 2048w\" sizes=\"(max-width: 300px) 100vw, 300px\" \/><\/a>\n\t\t\t<\/div>\n\t\t\t\t<figcaption class='wp-caption-text gallery-caption' id='gallery-1-3146'>\n\t\t\t\tSzofus\n\t\t\t\t<\/figcaption><\/figure><figure class='gallery-item'>\n\t\t\t<div class='gallery-icon portrait'>\n\t\t\t\t<a data-elementor-open-lightbox=\"yes\" data-elementor-lightbox-slideshow=\"fafe719\" data-elementor-lightbox-title=\"Goedkeuring 7-2-21\" data-e-action-hash=\"#elementor-action%3Aaction%3Dlightbox%26settings%3DeyJpZCI6MzA5NCwidXJsIjoiaHR0cHM6XC9cL3Zvcm9zdmFkYXN6LmNvbVwvd3AtY29udGVudFwvdXBsb2Fkc1wvMjAyMVwvMDJcL0dvZWRrZXVyaW5nLTctMi0yMS5qcGciLCJzbGlkZXNob3ciOiJmYWZlNzE5In0%3D\" href='https:\/\/vorosvadasz.com\/wp-content\/uploads\/2021\/02\/Goedkeuring-7-2-21.jpg'><img width=\"227\" height=\"300\" src=\"https:\/\/vorosvadasz.com\/wp-content\/uploads\/2021\/02\/Goedkeuring-7-2-21-227x300.jpg\" class=\"attachment-medium size-medium\" alt=\"\" loading=\"lazy\" srcset=\"https:\/\/vorosvadasz.com\/wp-content\/uploads\/2021\/02\/Goedkeuring-7-2-21-227x300.jpg 227w, https:\/\/vorosvadasz.com\/wp-content\/uploads\/2021\/02\/Goedkeuring-7-2-21.jpg 652w\" sizes=\"(max-width: 227px) 100vw, 227px\" \/><\/a>\n\t\t\t<\/div><\/figure>\n\t\t<\/div>\n\t\t<\/div>\n\t\t\t\t<\/div>\n\t\t\t\t<\/div>\n\t\t\t\t\t\t<\/div>\n\t\t\t\t\t<\/div>\n\t\t<\/div>\n\t\t\t\t\t\t\t\t<\/div>\n\t\t\t\t\t<\/div>\n\t\t<\/section>\n\t\t\t\t<section class=\"elementor-section elementor-top-section elementor-element elementor-element-2b16c9ea elementor-section-boxed elementor-section-height-default elementor-section-height-default\" data-id=\"2b16c9ea\" data-element_type=\"section\">\n\t\t\t\t\t\t<div class=\"elementor-container elementor-column-gap-default\">\n\t\t\t\t\t\t\t<div class=\"elementor-row\">\n\t\t\t\t\t<div class=\"elementor-column elementor-col-100 elementor-top-column elementor-element elementor-element-53462bcd\" data-id=\"53462bcd\" data-element_type=\"column\">\n\t\t\t<div class=\"elementor-column-wrap elementor-element-populated\">\n\t\t\t\t\t\t\t<div class=\"elementor-widget-wrap\">\n\t\t\t\t\t\t<div class=\"elementor-element elementor-element-62c80a25 elementor-widget elementor-widget-text-editor\" data-id=\"62c80a25\" data-element_type=\"widget\" data-widget_type=\"text-editor.default\">\n\t\t\t\t<div class=\"elementor-widget-container\">\n\t\t\t\t\t\t\t\t<div class=\"elementor-text-editor elementor-clearfix\">\n\t\t\t\t<p><!--vcv no format--><\/p><div class=\"vce-row-container\"><div id=\"el-06c34d2d\" class=\"vce-row vce-row--col-gap-30 vce-row-columns--top vce-row-content--top\" data-vce-full-width=\"true\" data-vce-stretch-content=\"true\" data-vce-do-apply=\"all el-06c34d2d\"><div class=\"vce-row-content\" data-vce-element-content=\"true\"><div id=\"el-6af81334\" class=\"vce-col vce-col--md-auto vce-col--xs-1 vce-col--xs-last vce-col--xs-first vce-col--sm-last vce-col--sm-first vce-col--md-last vce-col--lg-last vce-col--xl-last vce-col--md-first vce-col--lg-first vce-col--xl-first\"><div class=\"vce-col-inner\" data-vce-do-apply=\"all el-6af81334\" data-vce-element-content=\"true\"><div class=\"vce-text-block\"><div id=\"el-5b2b18ee\" class=\"vce-text-block-wrapper vce\" data-vce-do-apply=\"all el-5b2b18ee\"><p>14 april 2019<\/p><p style=\"text-align: left;\">Szofia (Quodian&#8217;s Levanne) is op 7 april gedekt door Eddie (R\u00f8nnegaard Simon). Pups wordt verwacht rond 9 juni 2019.<\/p><p style=\"text-align: left;\">23 maart 2019<\/p><div class=\"vce-text-block\" style=\"text-align: left;\"><div id=\"el-bcd0a5af\" class=\"vce-text-block-wrapper vce\" style=\"margin-bottom: 0px;\" data-vce-do-apply=\"all el-bcd0a5af\"><p style=\"margin-bottom: 0px;\">Vandaag op KC Rijnland show,<br \/>V\u00f6r\u00f6s Vad\u00e1sz Sabatti ( szara) de eerste offici\u00eble show, vandaag exact 9 maanden mochte zij meedoen in de jeugd klasse, dat heb zij met bravoure gedaan, Mariska Huis heb met Szara een 2e U gehaald, Mariska bedankt voor het showen van Szara<\/p><\/div><\/div><div class=\"vce-text-block\"><div id=\"el-5b2b18ee\" class=\"vce-text-block-wrapper vce\" style=\"margin-bottom: 0px;\" data-vce-do-apply=\"all el-5b2b18ee\"><div class=\"vc_row wpb_row vc_row-fluid\" style=\"margin-right: -7.5px; margin-left: -7.5px; text-align: left;\">\u00a0 21 januari 2019<\/div><p style=\"text-align: left;\">Eendelig hebben wij de goedkeuring van de Nederlandse Vizsla club, voor onze volgende geplande nest Quodian\u2019s Levanne (Szofia) x R\u00f8nnegaards Simon (Eddie), wij verwachten puppy\u2019s met een grote jacht instinkt, veel passie en een goede karakter. Wij verwachten de dekking medio marts.<br \/>Quodian\u2019s Levanne heb zich bewezen in de Veldwerk, zweetwerk en word ook gebruikt als praktijk jacht hond, ook is Szofia Nederlands jeugd kampioen en Nederlands show kampioen.<br \/>R\u00f8nnegaards Simon heb zich al bewezen in de Veldwerk en apporteren en word ook gebruikt als praktijk jacht hond, ook is Eddie Deens show kampioen.<br \/>Deze nest hebben een inteeltco\u00ebffici\u00ebnt van 1% en wij denken dat wij een perfect match hebben gevonden.<\/p><\/div><\/div><\/div><\/div><\/div><\/div><\/div><\/div><\/div><div class=\"vce-row-container\"><div id=\"el-9cf89227\" class=\"vce-row vce-row--col-gap-30 vce-row-columns--top vce-row-content--top\" data-vce-do-apply=\"all el-9cf89227\"><div class=\"vce-row-content\" data-vce-element-content=\"true\"><div id=\"el-c9444770\" class=\"vce-col vce-col--md-auto vce-col--xs-1 vce-col--xs-last vce-col--xs-first vce-col--sm-last vce-col--sm-first vce-col--md-last vce-col--lg-last vce-col--xl-last vce-col--md-first vce-col--lg-first vce-col--xl-first\"><div class=\"vce-col-inner\" data-vce-do-apply=\"all el-c9444770\" data-vce-element-content=\"true\">\u00a0<\/div><\/div><\/div><\/div><\/div><p><!--vcv no format--><\/p>\t\t\t\t\t<\/div>\n\t\t\t\t\t\t<\/div>\n\t\t\t\t<\/div>\n\t\t\t\t\t\t<\/div>\n\t\t\t\t\t<\/div>\n\t\t<\/div>\n\t\t\t\t\t\t\t\t<\/div>\n\t\t\t\t\t<\/div>\n\t\t<\/section>\n\t\t\t\t\t\t\t\t\t<\/div>\n\t\t\t<\/div>\n\t\t\t\t\t<\/div>\n\t\t","protected":false},"excerpt":{"rendered":"<p>7 februari 2021 Eendelig hebben wij de goedkeuring van de Nederlandse Vizsla club, voor onze volgende geplande nest Baktai Fekete-Blanka (Blanka) x V\u00f6r\u00f6s Vad\u00e1sz Edradour (Szofus), wij verwachten puppy\u2019s met een grote jacht instinkt, veel passie en een goede karakter. Wij verwachten de dekking medio mart.\u00a0 \u00a0 \u00a0 \u00a0 \u00a0<\/p>\n","protected":false},"author":1,"featured_media":0,"parent":0,"menu_order":0,"comment_status":"closed","ping_status":"closed","template":"","meta":[],"_links":{"self":[{"href":"https:\/\/vorosvadasz.com\/index.php?rest_route=\/wp\/v2\/pages\/2442"}],"collection":[{"href":"https:\/\/vorosvadasz.com\/index.php?rest_route=\/wp\/v2\/pages"}],"about":[{"href":"https:\/\/vorosvadasz.com\/index.php?rest_route=\/wp\/v2\/types\/page"}],"author":[{"embeddable":true,"href":"https:\/\/vorosvadasz.com\/index.php?rest_route=\/wp\/v2\/users\/1"}],"replies":[{"embeddable":true,"href":"https:\/\/vorosvadasz.com\/index.php?rest_route=%2Fwp%2Fv2%2Fcomments&post=2442"}],"version-history":[{"count":31,"href":"https:\/\/vorosvadasz.com\/index.php?rest_route=\/wp\/v2\/pages\/2442\/revisions"}],"predecessor-version":[{"id":3152,"href":"https:\/\/vorosvadasz.com\/index.php?rest_route=\/wp\/v2\/pages\/2442\/revisions\/3152"}],"wp:attachment":[{"href":"https:\/\/vorosvadasz.com\/index.php?rest_route=%2Fwp%2Fv2%2Fmedia&parent=2442"}],"curies":[{"name":"wp","href":"https:\/\/api.w.org\/{rel}","templated":true}]}}