{"id":2554,"date":"2019-03-20T21:31:10","date_gmt":"2019-03-20T20:31:10","guid":{"rendered":"https:\/\/www.vorosvadasz.eu\/?page_id=2554"},"modified":"2021-02-13T22:09:15","modified_gmt":"2021-02-13T22:09:15","slug":"onze-fok","status":"publish","type":"page","link":"https:\/\/vorosvadasz.com\/?page_id=2554","title":{"rendered":"Onze Fok"},"content":{"rendered":"\t\t<div data-elementor-type=\"wp-page\" data-elementor-id=\"2554\" class=\"elementor elementor-2554\">\n\t\t\t\t\t\t<div class=\"elementor-inner\">\n\t\t\t\t<div class=\"elementor-section-wrap\">\n\t\t\t\t\t\t\t\t\t<section class=\"elementor-section elementor-top-section elementor-element elementor-element-f614fe7 elementor-section-boxed elementor-section-height-default elementor-section-height-default\" data-id=\"f614fe7\" data-element_type=\"section\">\n\t\t\t\t\t\t<div class=\"elementor-container elementor-column-gap-default\">\n\t\t\t\t\t\t\t<div class=\"elementor-row\">\n\t\t\t\t\t<div class=\"elementor-column elementor-col-100 elementor-top-column elementor-element elementor-element-dff582c\" data-id=\"dff582c\" data-element_type=\"column\">\n\t\t\t<div class=\"elementor-column-wrap elementor-element-populated\">\n\t\t\t\t\t\t\t<div class=\"elementor-widget-wrap\">\n\t\t\t\t\t\t<div class=\"elementor-element elementor-element-e2be839 elementor-position-left elementor-vertical-align-top elementor-widget elementor-widget-image-box\" data-id=\"e2be839\" data-element_type=\"widget\" data-widget_type=\"image-box.default\">\n\t\t\t\t<div class=\"elementor-widget-container\">\n\t\t\t<div class=\"elementor-image-box-wrapper\"><figure class=\"elementor-image-box-img\"><a href=\"https:\/\/vorosvadasz.com\/?page_id=2916\"><img width=\"640\" height=\"960\" src=\"https:\/\/vorosvadasz.com\/wp-content\/uploads\/2021\/02\/Guus-683x1024.jpg\" class=\"attachment-large size-large wp-image-2908\" alt=\"\" loading=\"lazy\" srcset=\"https:\/\/vorosvadasz.com\/wp-content\/uploads\/2021\/02\/Guus-683x1024.jpg 683w, https:\/\/vorosvadasz.com\/wp-content\/uploads\/2021\/02\/Guus-200x300.jpg 200w, https:\/\/vorosvadasz.com\/wp-content\/uploads\/2021\/02\/Guus-768x1152.jpg 768w, https:\/\/vorosvadasz.com\/wp-content\/uploads\/2021\/02\/Guus-1024x1536.jpg 1024w, https:\/\/vorosvadasz.com\/wp-content\/uploads\/2021\/02\/Guus.jpg 1365w\" sizes=\"(max-width: 640px) 100vw, 640px\" \/><\/a><\/figure><div class=\"elementor-image-box-content\"><h3 class=\"elementor-image-box-title\"><a href=\"https:\/\/vorosvadasz.com\/?page_id=2916\">V\u00f6r\u00f6s Vad\u00e1sz Loke<\/a><\/h3><p class=\"elementor-image-box-description\">V\u00f6r\u00f6s Vad\u00e1sz Loke, roepnaam Guus, geboren 9 februari 2016. Guus wordt gebruikt in de praktijk jacht, op veldwerkwedstrijden en af en toe nog op een show. Guus staat vermeld op de dekreu lijst van de Vizsla vereniging, Guus heeft een aantal kwalificaties<\/p><\/div><\/div>\t\t<\/div>\n\t\t\t\t<\/div>\n\t\t\t\t\t\t<\/div>\n\t\t\t\t\t<\/div>\n\t\t<\/div>\n\t\t\t\t\t\t\t\t<\/div>\n\t\t\t\t\t<\/div>\n\t\t<\/section>\n\t\t\t\t\t\t\t\t\t<\/div>\n\t\t\t<\/div>\n\t\t\t\t\t<\/div>\n\t\t","protected":false},"excerpt":{"rendered":"<p>V\u00f6r\u00f6s Vad\u00e1sz Loke V\u00f6r\u00f6s Vad\u00e1sz Loke, roepnaam Guus, geboren 9 februari 2016. Guus wordt gebruikt in de praktijk jacht, op veldwerkwedstrijden en af en toe nog op een show. Guus staat vermeld op de dekreu lijst van de Vizsla vereniging, Guus heeft een aantal kwalificaties<\/p>\n","protected":false},"author":1,"featured_media":0,"parent":0,"menu_order":0,"comment_status":"closed","ping_status":"closed","template":"","meta":[],"_links":{"self":[{"href":"https:\/\/vorosvadasz.com\/index.php?rest_route=\/wp\/v2\/pages\/2554"}],"collection":[{"href":"https:\/\/vorosvadasz.com\/index.php?rest_route=\/wp\/v2\/pages"}],"about":[{"href":"https:\/\/vorosvadasz.com\/index.php?rest_route=\/wp\/v2\/types\/page"}],"author":[{"embeddable":true,"href":"https:\/\/vorosvadasz.com\/index.php?rest_route=\/wp\/v2\/users\/1"}],"replies":[{"embeddable":true,"href":"https:\/\/vorosvadasz.com\/index.php?rest_route=%2Fwp%2Fv2%2Fcomments&post=2554"}],"version-history":[{"count":24,"href":"https:\/\/vorosvadasz.com\/index.php?rest_route=\/wp\/v2\/pages\/2554\/revisions"}],"predecessor-version":[{"id":3055,"href":"https:\/\/vorosvadasz.com\/index.php?rest_route=\/wp\/v2\/pages\/2554\/revisions\/3055"}],"wp:attachment":[{"href":"https:\/\/vorosvadasz.com\/index.php?rest_route=%2Fwp%2Fv2%2Fmedia&parent=2554"}],"curies":[{"name":"wp","href":"https:\/\/api.w.org\/{rel}","templated":true}]}}