{"id":2916,"date":"2021-02-10T21:37:48","date_gmt":"2021-02-10T21:37:48","guid":{"rendered":"http:\/\/vorosvadasz.com\/?page_id=2916"},"modified":"2021-02-15T17:30:59","modified_gmt":"2021-02-15T17:30:59","slug":"guus","status":"publish","type":"page","link":"https:\/\/vorosvadasz.com\/?page_id=2916","title":{"rendered":"Guus"},"content":{"rendered":"\t\t<div data-elementor-type=\"wp-page\" data-elementor-id=\"2916\" class=\"elementor elementor-2916\">\n\t\t\t\t\t\t<div class=\"elementor-inner\">\n\t\t\t\t<div class=\"elementor-section-wrap\">\n\t\t\t\t\t\t\t\t\t<section class=\"elementor-section elementor-top-section elementor-element elementor-element-e82b488 elementor-section-boxed elementor-section-height-default elementor-section-height-default\" data-id=\"e82b488\" data-element_type=\"section\">\n\t\t\t\t\t\t<div class=\"elementor-container elementor-column-gap-default\">\n\t\t\t\t\t\t\t<div class=\"elementor-row\">\n\t\t\t\t\t<div class=\"elementor-column elementor-col-100 elementor-top-column elementor-element elementor-element-71b2c26\" data-id=\"71b2c26\" data-element_type=\"column\">\n\t\t\t<div class=\"elementor-column-wrap elementor-element-populated\">\n\t\t\t\t\t\t\t<div class=\"elementor-widget-wrap\">\n\t\t\t\t\t\t<div class=\"elementor-element elementor-element-7f8c3dc elementor-position-left elementor-vertical-align-top elementor-widget elementor-widget-image-box\" data-id=\"7f8c3dc\" data-element_type=\"widget\" data-widget_type=\"image-box.default\">\n\t\t\t\t<div class=\"elementor-widget-container\">\n\t\t\t<div class=\"elementor-image-box-wrapper\"><figure class=\"elementor-image-box-img\"><img width=\"1365\" height=\"2048\" src=\"https:\/\/vorosvadasz.com\/wp-content\/uploads\/2021\/02\/Guus.jpg\" class=\"attachment-full size-full wp-image-2908\" alt=\"\" loading=\"lazy\" srcset=\"https:\/\/vorosvadasz.com\/wp-content\/uploads\/2021\/02\/Guus.jpg 1365w, https:\/\/vorosvadasz.com\/wp-content\/uploads\/2021\/02\/Guus-200x300.jpg 200w, https:\/\/vorosvadasz.com\/wp-content\/uploads\/2021\/02\/Guus-683x1024.jpg 683w, https:\/\/vorosvadasz.com\/wp-content\/uploads\/2021\/02\/Guus-768x1152.jpg 768w, https:\/\/vorosvadasz.com\/wp-content\/uploads\/2021\/02\/Guus-1024x1536.jpg 1024w\" sizes=\"(max-width: 1365px) 100vw, 1365px\" \/><\/figure><div class=\"elementor-image-box-content\"><h3 class=\"elementor-image-box-title\">V\u00f6r\u00f6s Vad\u00e1sz Loke<\/h3><p class=\"elementor-image-box-description\">V\u00f6r\u00f6s Vad\u00e1sz Loke (roepnaam Guus), is een krachtige reu die opvalt door z'n tomeloze wil om te jagen in ieder terrein. Hij jaagt breed en met veel passie. Hij is sociaal, vriendelijk naar andere honden en in huis een absolute schat met andere huisdieren (katten) en kinderen. <\/p><\/div><\/div>\t\t<\/div>\n\t\t\t\t<\/div>\n\t\t\t\t<div class=\"elementor-element elementor-element-1767792 elementor-widget elementor-widget-text-editor\" data-id=\"1767792\" data-element_type=\"widget\" data-widget_type=\"text-editor.default\">\n\t\t\t\t<div class=\"elementor-widget-container\">\n\t\t\t\t\t\t\t\t<div class=\"elementor-text-editor elementor-clearfix\">\n\t\t\t\t<p>Kwalificaties:<\/p>\t\t\t\t\t<\/div>\n\t\t\t\t\t\t<\/div>\n\t\t\t\t<\/div>\n\t\t\t\t<div class=\"elementor-element elementor-element-c599279 elementor-widget elementor-widget-image-gallery\" data-id=\"c599279\" data-element_type=\"widget\" data-widget_type=\"image-gallery.default\">\n\t\t\t\t<div class=\"elementor-widget-container\">\n\t\t\t\t\t<div class=\"elementor-image-gallery\">\n\t\t\t<div id='gallery-1' class='gallery galleryid-2916 gallery-columns-4 gallery-size-thumbnail'><figure class='gallery-item'>\n\t\t\t<div class='gallery-icon portrait'>\n\t\t\t\t<a data-elementor-open-lightbox=\"yes\" data-elementor-lightbox-slideshow=\"c599279\" data-elementor-lightbox-title=\"26_01_2019_unnamed_322525_groenendijk\" data-e-action-hash=\"#elementor-action%3Aaction%3Dlightbox%26settings%3DeyJpZCI6MjkwNywidXJsIjoiaHR0cHM6XC9cL3Zvcm9zdmFkYXN6LmNvbVwvd3AtY29udGVudFwvdXBsb2Fkc1wvMjAyMVwvMDJcLzI2XzAxXzIwMTlfdW5uYW1lZF8zMjI1MjVfZ3JvZW5lbmRpamsuanBnIiwic2xpZGVzaG93IjoiYzU5OTI3OSJ9\" href='https:\/\/vorosvadasz.com\/wp-content\/uploads\/2021\/02\/26_01_2019_unnamed_322525_groenendijk.jpg'><img width=\"150\" height=\"150\" src=\"https:\/\/vorosvadasz.com\/wp-content\/uploads\/2021\/02\/26_01_2019_unnamed_322525_groenendijk-150x150.jpg\" class=\"attachment-thumbnail size-thumbnail\" alt=\"\" loading=\"lazy\" srcset=\"https:\/\/vorosvadasz.com\/wp-content\/uploads\/2021\/02\/26_01_2019_unnamed_322525_groenendijk-150x150.jpg 150w, https:\/\/vorosvadasz.com\/wp-content\/uploads\/2021\/02\/26_01_2019_unnamed_322525_groenendijk-800x800.jpg 800w\" sizes=\"(max-width: 150px) 100vw, 150px\" \/><\/a>\n\t\t\t<\/div><\/figure>\n\t\t<\/div>\n\t\t<\/div>\n\t\t\t\t<\/div>\n\t\t\t\t<\/div>\n\t\t\t\t\t\t<\/div>\n\t\t\t\t\t<\/div>\n\t\t<\/div>\n\t\t\t\t\t\t\t\t<\/div>\n\t\t\t\t\t<\/div>\n\t\t<\/section>\n\t\t\t\t<section class=\"elementor-section elementor-top-section elementor-element elementor-element-e48a78c elementor-section-boxed elementor-section-height-default elementor-section-height-default\" data-id=\"e48a78c\" data-element_type=\"section\">\n\t\t\t\t\t\t<div class=\"elementor-container elementor-column-gap-default\">\n\t\t\t\t\t\t\t<div class=\"elementor-row\">\n\t\t\t\t\t<div class=\"elementor-column elementor-col-100 elementor-top-column elementor-element elementor-element-921993a\" data-id=\"921993a\" data-element_type=\"column\">\n\t\t\t<div class=\"elementor-column-wrap elementor-element-populated\">\n\t\t\t\t\t\t\t<div class=\"elementor-widget-wrap\">\n\t\t\t\t\t\t<div class=\"elementor-element elementor-element-5e44625 elementor-widget elementor-widget-gallery\" data-id=\"5e44625\" data-element_type=\"widget\" data-settings=\"{&quot;columns&quot;:3,&quot;lazyload&quot;:&quot;yes&quot;,&quot;gallery_layout&quot;:&quot;grid&quot;,&quot;columns_tablet&quot;:2,&quot;columns_mobile&quot;:1,&quot;gap&quot;:{&quot;unit&quot;:&quot;px&quot;,&quot;size&quot;:10,&quot;sizes&quot;:[]},&quot;gap_tablet&quot;:{&quot;unit&quot;:&quot;px&quot;,&quot;size&quot;:10,&quot;sizes&quot;:[]},&quot;gap_mobile&quot;:{&quot;unit&quot;:&quot;px&quot;,&quot;size&quot;:10,&quot;sizes&quot;:[]},&quot;link_to&quot;:&quot;file&quot;,&quot;aspect_ratio&quot;:&quot;3:2&quot;,&quot;show_all_galleries&quot;:&quot;yes&quot;,&quot;overlay_background&quot;:&quot;yes&quot;,&quot;content_hover_animation&quot;:&quot;fade-in&quot;}\" data-widget_type=\"gallery.default\">\n\t\t\t\t<div class=\"elementor-widget-container\">\n\t\t\t\t\t\t<div class=\"elementor-gallery__titles-container e--pointer-underline e--animation-fade\">\n\t\t\t\t\t\t\t\t\t<a data-gallery-index=\"all\" class=\"elementor-item elementor-gallery-title\">All<\/a>\n\t\t\t\t\n\t\t\t\t\t\t\t\t\t<a data-gallery-index=\"0\" class=\"elementor-item elementor-gallery-title\">New Gallery<\/a>\n\t\t\t\t\t\t\t\t<\/div>\n\t\t\t\t\t<div class=\"elementor-gallery__container\">\n\t\t\t\t\t\t\t<a class=\"e-gallery-item elementor-gallery-item elementor-animated-content\" data-e-gallery-tags=\"0\" href=\"https:\/\/vorosvadasz.com\/wp-content\/uploads\/2021\/02\/WhatsApp-Image-2020-11-21-at-18.14.04.jpeg\" data-elementor-open-lightbox=\"yes\" data-elementor-lightbox-slideshow=\"all-5e44625\" data-elementor-lightbox-title=\"WhatsApp Image 2020-11-21 at 18.14.04\" data-e-action-hash=\"#elementor-action%3Aaction%3Dlightbox%26settings%3DeyJpZCI6Mjk0NywidXJsIjoiaHR0cHM6XC9cL3Zvcm9zdmFkYXN6LmNvbVwvd3AtY29udGVudFwvdXBsb2Fkc1wvMjAyMVwvMDJcL1doYXRzQXBwLUltYWdlLTIwMjAtMTEtMjEtYXQtMTguMTQuMDQuanBlZyIsInNsaWRlc2hvdyI6ImFsbC01ZTQ0NjI1In0%3D\">\n\t\t\t\t\t<div class=\"e-gallery-image elementor-gallery-item__image\" data-thumbnail=\"https:\/\/vorosvadasz.com\/wp-content\/uploads\/2021\/02\/WhatsApp-Image-2020-11-21-at-18.14.04-300x225.jpeg\" data-width=\"300\" data-height=\"225\" alt=\"\" ><\/div>\n\t\t\t\t\t\t\t\t\t\t<div class=\"elementor-gallery-item__overlay\"><\/div>\n\t\t\t\t\t\t\t\t\t\t\t\t\t\t<\/a>\n\t\t\t\t\t\t\t<a class=\"e-gallery-item elementor-gallery-item elementor-animated-content\" data-e-gallery-tags=\"0\" href=\"https:\/\/vorosvadasz.com\/wp-content\/uploads\/2021\/02\/WhatsApp-Image-2021-02-07-at-20.30.23.jpeg\" data-elementor-open-lightbox=\"yes\" data-elementor-lightbox-slideshow=\"all-5e44625\" data-elementor-lightbox-title=\"WhatsApp Image 2021-02-07 at 20.30.23\" data-e-action-hash=\"#elementor-action%3Aaction%3Dlightbox%26settings%3DeyJpZCI6Mjk0OCwidXJsIjoiaHR0cHM6XC9cL3Zvcm9zdmFkYXN6LmNvbVwvd3AtY29udGVudFwvdXBsb2Fkc1wvMjAyMVwvMDJcL1doYXRzQXBwLUltYWdlLTIwMjEtMDItMDctYXQtMjAuMzAuMjMuanBlZyIsInNsaWRlc2hvdyI6ImFsbC01ZTQ0NjI1In0%3D\">\n\t\t\t\t\t<div class=\"e-gallery-image elementor-gallery-item__image\" data-thumbnail=\"https:\/\/vorosvadasz.com\/wp-content\/uploads\/2021\/02\/WhatsApp-Image-2021-02-07-at-20.30.23-300x225.jpeg\" data-width=\"300\" data-height=\"225\" alt=\"\" ><\/div>\n\t\t\t\t\t\t\t\t\t\t<div class=\"elementor-gallery-item__overlay\"><\/div>\n\t\t\t\t\t\t\t\t\t\t\t\t\t\t<\/a>\n\t\t\t\t\t\t\t<a class=\"e-gallery-item elementor-gallery-item elementor-animated-content\" data-e-gallery-tags=\"0\" href=\"https:\/\/vorosvadasz.com\/wp-content\/uploads\/2021\/02\/WhatsApp-Image-2018-05-26-at-13.49.36.jpeg\" data-elementor-open-lightbox=\"yes\" data-elementor-lightbox-slideshow=\"all-5e44625\" data-elementor-lightbox-title=\"WhatsApp Image 2018-05-26 at 13.49.36\" data-e-action-hash=\"#elementor-action%3Aaction%3Dlightbox%26settings%3DeyJpZCI6MjkzOSwidXJsIjoiaHR0cHM6XC9cL3Zvcm9zdmFkYXN6LmNvbVwvd3AtY29udGVudFwvdXBsb2Fkc1wvMjAyMVwvMDJcL1doYXRzQXBwLUltYWdlLTIwMTgtMDUtMjYtYXQtMTMuNDkuMzYuanBlZyIsInNsaWRlc2hvdyI6ImFsbC01ZTQ0NjI1In0%3D\">\n\t\t\t\t\t<div class=\"e-gallery-image elementor-gallery-item__image\" data-thumbnail=\"https:\/\/vorosvadasz.com\/wp-content\/uploads\/2021\/02\/WhatsApp-Image-2018-05-26-at-13.49.36-300x169.jpeg\" data-width=\"300\" data-height=\"169\" alt=\"\" ><\/div>\n\t\t\t\t\t\t\t\t\t\t<div class=\"elementor-gallery-item__overlay\"><\/div>\n\t\t\t\t\t\t\t\t\t\t\t\t\t\t<\/a>\n\t\t\t\t\t\t\t<a class=\"e-gallery-item elementor-gallery-item elementor-animated-content\" data-e-gallery-tags=\"0\" href=\"https:\/\/vorosvadasz.com\/wp-content\/uploads\/2021\/02\/WhatsApp-Image-2020-08-04-at-23.15.01.jpeg\" data-elementor-open-lightbox=\"yes\" data-elementor-lightbox-slideshow=\"all-5e44625\" data-elementor-lightbox-title=\"WhatsApp Image 2020-08-04 at 23.15.01\" data-e-action-hash=\"#elementor-action%3Aaction%3Dlightbox%26settings%3DeyJpZCI6Mjk0NiwidXJsIjoiaHR0cHM6XC9cL3Zvcm9zdmFkYXN6LmNvbVwvd3AtY29udGVudFwvdXBsb2Fkc1wvMjAyMVwvMDJcL1doYXRzQXBwLUltYWdlLTIwMjAtMDgtMDQtYXQtMjMuMTUuMDEuanBlZyIsInNsaWRlc2hvdyI6ImFsbC01ZTQ0NjI1In0%3D\">\n\t\t\t\t\t<div class=\"e-gallery-image elementor-gallery-item__image\" data-thumbnail=\"https:\/\/vorosvadasz.com\/wp-content\/uploads\/2021\/02\/WhatsApp-Image-2020-08-04-at-23.15.01-300x169.jpeg\" data-width=\"300\" data-height=\"169\" alt=\"\" ><\/div>\n\t\t\t\t\t\t\t\t\t\t<div class=\"elementor-gallery-item__overlay\"><\/div>\n\t\t\t\t\t\t\t\t\t\t\t\t\t\t<\/a>\n\t\t\t\t\t\t\t<a class=\"e-gallery-item elementor-gallery-item elementor-animated-content\" data-e-gallery-tags=\"0\" href=\"https:\/\/vorosvadasz.com\/wp-content\/uploads\/2021\/02\/WhatsApp-Image-2020-04-02-at-20.19.44-1.jpeg\" data-elementor-open-lightbox=\"yes\" data-elementor-lightbox-slideshow=\"all-5e44625\" data-elementor-lightbox-title=\"WhatsApp Image 2020-04-02 at 20.19.44 (1)\" data-e-action-hash=\"#elementor-action%3Aaction%3Dlightbox%26settings%3DeyJpZCI6Mjk0NCwidXJsIjoiaHR0cHM6XC9cL3Zvcm9zdmFkYXN6LmNvbVwvd3AtY29udGVudFwvdXBsb2Fkc1wvMjAyMVwvMDJcL1doYXRzQXBwLUltYWdlLTIwMjAtMDQtMDItYXQtMjAuMTkuNDQtMS5qcGVnIiwic2xpZGVzaG93IjoiYWxsLTVlNDQ2MjUifQ%3D%3D\">\n\t\t\t\t\t<div class=\"e-gallery-image elementor-gallery-item__image\" data-thumbnail=\"https:\/\/vorosvadasz.com\/wp-content\/uploads\/2021\/02\/WhatsApp-Image-2020-04-02-at-20.19.44-1-300x225.jpeg\" data-width=\"300\" data-height=\"225\" alt=\"\" ><\/div>\n\t\t\t\t\t\t\t\t\t\t<div class=\"elementor-gallery-item__overlay\"><\/div>\n\t\t\t\t\t\t\t\t\t\t\t\t\t\t<\/a>\n\t\t\t\t\t\t\t<a class=\"e-gallery-item elementor-gallery-item elementor-animated-content\" data-e-gallery-tags=\"0\" href=\"https:\/\/vorosvadasz.com\/wp-content\/uploads\/2021\/02\/WhatsApp-Image-2020-04-02-at-20.19.44.jpeg\" data-elementor-open-lightbox=\"yes\" data-elementor-lightbox-slideshow=\"all-5e44625\" data-elementor-lightbox-title=\"WhatsApp Image 2020-04-02 at 20.19.44\" data-e-action-hash=\"#elementor-action%3Aaction%3Dlightbox%26settings%3DeyJpZCI6Mjk0NSwidXJsIjoiaHR0cHM6XC9cL3Zvcm9zdmFkYXN6LmNvbVwvd3AtY29udGVudFwvdXBsb2Fkc1wvMjAyMVwvMDJcL1doYXRzQXBwLUltYWdlLTIwMjAtMDQtMDItYXQtMjAuMTkuNDQuanBlZyIsInNsaWRlc2hvdyI6ImFsbC01ZTQ0NjI1In0%3D\">\n\t\t\t\t\t<div class=\"e-gallery-image elementor-gallery-item__image\" data-thumbnail=\"https:\/\/vorosvadasz.com\/wp-content\/uploads\/2021\/02\/WhatsApp-Image-2020-04-02-at-20.19.44-300x169.jpeg\" data-width=\"300\" data-height=\"169\" alt=\"\" ><\/div>\n\t\t\t\t\t\t\t\t\t\t<div class=\"elementor-gallery-item__overlay\"><\/div>\n\t\t\t\t\t\t\t\t\t\t\t\t\t\t<\/a>\n\t\t\t\t\t\t\t<a class=\"e-gallery-item elementor-gallery-item elementor-animated-content\" data-e-gallery-tags=\"0\" href=\"https:\/\/vorosvadasz.com\/wp-content\/uploads\/2021\/02\/Guus.jpg\" data-elementor-open-lightbox=\"yes\" data-elementor-lightbox-slideshow=\"all-5e44625\" data-elementor-lightbox-title=\"Guus\" data-e-action-hash=\"#elementor-action%3Aaction%3Dlightbox%26settings%3DeyJpZCI6MjkwOCwidXJsIjoiaHR0cHM6XC9cL3Zvcm9zdmFkYXN6LmNvbVwvd3AtY29udGVudFwvdXBsb2Fkc1wvMjAyMVwvMDJcL0d1dXMuanBnIiwic2xpZGVzaG93IjoiYWxsLTVlNDQ2MjUifQ%3D%3D\">\n\t\t\t\t\t<div class=\"e-gallery-image elementor-gallery-item__image\" data-thumbnail=\"https:\/\/vorosvadasz.com\/wp-content\/uploads\/2021\/02\/Guus-200x300.jpg\" data-width=\"200\" data-height=\"300\" alt=\"\" ><\/div>\n\t\t\t\t\t\t\t\t\t\t<div class=\"elementor-gallery-item__overlay\"><\/div>\n\t\t\t\t\t\t\t\t\t\t\t\t\t\t<\/a>\n\t\t\t\t\t\t\t<a class=\"e-gallery-item elementor-gallery-item elementor-animated-content\" data-e-gallery-tags=\"0\" href=\"https:\/\/vorosvadasz.com\/wp-content\/uploads\/2021\/02\/WhatsApp-Image-2018-10-10-at-18.55.17.jpeg\" data-elementor-open-lightbox=\"yes\" data-elementor-lightbox-slideshow=\"all-5e44625\" data-elementor-lightbox-title=\"WhatsApp Image 2018-10-10 at 18.55.17\" data-e-action-hash=\"#elementor-action%3Aaction%3Dlightbox%26settings%3DeyJpZCI6Mjk0MSwidXJsIjoiaHR0cHM6XC9cL3Zvcm9zdmFkYXN6LmNvbVwvd3AtY29udGVudFwvdXBsb2Fkc1wvMjAyMVwvMDJcL1doYXRzQXBwLUltYWdlLTIwMTgtMTAtMTAtYXQtMTguNTUuMTcuanBlZyIsInNsaWRlc2hvdyI6ImFsbC01ZTQ0NjI1In0%3D\">\n\t\t\t\t\t<div class=\"e-gallery-image elementor-gallery-item__image\" data-thumbnail=\"https:\/\/vorosvadasz.com\/wp-content\/uploads\/2021\/02\/WhatsApp-Image-2018-10-10-at-18.55.17-169x300.jpeg\" data-width=\"169\" data-height=\"300\" alt=\"\" ><\/div>\n\t\t\t\t\t\t\t\t\t\t<div class=\"elementor-gallery-item__overlay\"><\/div>\n\t\t\t\t\t\t\t\t\t\t\t\t\t\t<\/a>\n\t\t\t\t\t\t\t<a class=\"e-gallery-item elementor-gallery-item elementor-animated-content\" data-e-gallery-tags=\"0\" href=\"https:\/\/vorosvadasz.com\/wp-content\/uploads\/2021\/02\/WhatsApp-Image-2019-10-13-at-13.46.33.jpeg\" data-elementor-open-lightbox=\"yes\" data-elementor-lightbox-slideshow=\"all-5e44625\" data-elementor-lightbox-title=\"WhatsApp Image 2019-10-13 at 13.46.33\" data-e-action-hash=\"#elementor-action%3Aaction%3Dlightbox%26settings%3DeyJpZCI6Mjk0MiwidXJsIjoiaHR0cHM6XC9cL3Zvcm9zdmFkYXN6LmNvbVwvd3AtY29udGVudFwvdXBsb2Fkc1wvMjAyMVwvMDJcL1doYXRzQXBwLUltYWdlLTIwMTktMTAtMTMtYXQtMTMuNDYuMzMuanBlZyIsInNsaWRlc2hvdyI6ImFsbC01ZTQ0NjI1In0%3D\">\n\t\t\t\t\t<div class=\"e-gallery-image elementor-gallery-item__image\" data-thumbnail=\"https:\/\/vorosvadasz.com\/wp-content\/uploads\/2021\/02\/WhatsApp-Image-2019-10-13-at-13.46.33-225x300.jpeg\" data-width=\"225\" data-height=\"300\" alt=\"\" ><\/div>\n\t\t\t\t\t\t\t\t\t\t<div class=\"elementor-gallery-item__overlay\"><\/div>\n\t\t\t\t\t\t\t\t\t\t\t\t\t\t<\/a>\n\t\t\t\t\t\t\t<a class=\"e-gallery-item elementor-gallery-item elementor-animated-content\" data-e-gallery-tags=\"0\" href=\"https:\/\/vorosvadasz.com\/wp-content\/uploads\/2021\/02\/WhatsApp-Image-2018-06-27-at-21.36.49.jpeg\" data-elementor-open-lightbox=\"yes\" data-elementor-lightbox-slideshow=\"all-5e44625\" data-elementor-lightbox-title=\"WhatsApp Image 2018-06-27 at 21.36.49\" data-e-action-hash=\"#elementor-action%3Aaction%3Dlightbox%26settings%3DeyJpZCI6Mjk0MCwidXJsIjoiaHR0cHM6XC9cL3Zvcm9zdmFkYXN6LmNvbVwvd3AtY29udGVudFwvdXBsb2Fkc1wvMjAyMVwvMDJcL1doYXRzQXBwLUltYWdlLTIwMTgtMDYtMjctYXQtMjEuMzYuNDkuanBlZyIsInNsaWRlc2hvdyI6ImFsbC01ZTQ0NjI1In0%3D\">\n\t\t\t\t\t<div class=\"e-gallery-image elementor-gallery-item__image\" data-thumbnail=\"https:\/\/vorosvadasz.com\/wp-content\/uploads\/2021\/02\/WhatsApp-Image-2018-06-27-at-21.36.49-169x300.jpeg\" data-width=\"169\" data-height=\"300\" alt=\"\" ><\/div>\n\t\t\t\t\t\t\t\t\t\t<div class=\"elementor-gallery-item__overlay\"><\/div>\n\t\t\t\t\t\t\t\t\t\t\t\t\t\t<\/a>\n\t\t\t\t\t\t\t<a class=\"e-gallery-item elementor-gallery-item elementor-animated-content\" data-e-gallery-tags=\"0\" href=\"https:\/\/vorosvadasz.com\/wp-content\/uploads\/2021\/02\/WhatsApp-Image-2020-04-02-at-20.19.42.jpeg\" data-elementor-open-lightbox=\"yes\" data-elementor-lightbox-slideshow=\"all-5e44625\" data-elementor-lightbox-title=\"WhatsApp Image 2020-04-02 at 20.19.42\" data-e-action-hash=\"#elementor-action%3Aaction%3Dlightbox%26settings%3DeyJpZCI6Mjk0MywidXJsIjoiaHR0cHM6XC9cL3Zvcm9zdmFkYXN6LmNvbVwvd3AtY29udGVudFwvdXBsb2Fkc1wvMjAyMVwvMDJcL1doYXRzQXBwLUltYWdlLTIwMjAtMDQtMDItYXQtMjAuMTkuNDIuanBlZyIsInNsaWRlc2hvdyI6ImFsbC01ZTQ0NjI1In0%3D\">\n\t\t\t\t\t<div class=\"e-gallery-image elementor-gallery-item__image\" data-thumbnail=\"https:\/\/vorosvadasz.com\/wp-content\/uploads\/2021\/02\/WhatsApp-Image-2020-04-02-at-20.19.42-300x225.jpeg\" data-width=\"300\" data-height=\"225\" alt=\"\" ><\/div>\n\t\t\t\t\t\t\t\t\t\t<div class=\"elementor-gallery-item__overlay\"><\/div>\n\t\t\t\t\t\t\t\t\t\t\t\t\t\t<\/a>\n\t\t\t\t\t<\/div>\n\t\t\t<\/div>\n\t\t\t\t<\/div>\n\t\t\t\t<div class=\"elementor-element elementor-element-d7177aa elementor-widget elementor-widget-video\" data-id=\"d7177aa\" data-element_type=\"widget\" data-settings=\"{&quot;video_type&quot;:&quot;hosted&quot;,&quot;autoplay&quot;:&quot;yes&quot;,&quot;play_on_mobile&quot;:&quot;yes&quot;,&quot;loop&quot;:&quot;yes&quot;,&quot;controls&quot;:&quot;yes&quot;}\" data-widget_type=\"video.default\">\n\t\t\t\t<div class=\"elementor-widget-container\">\n\t\t\t\t\t<div class=\"e-hosted-video elementor-wrapper elementor-open-inline\">\n\t\t\t\t\t<video class=\"elementor-video\" src=\"http:\/\/vorosvadasz.com\/wp-content\/uploads\/2021\/02\/WhatsApp-Video-2020-06-12-at-15.58.02.mp4\" autoplay=\"\" loop=\"\" controls=\"\" playsinline=\"\" controlsList=\"nodownload\"><\/video>\n\t\t\t\t<\/div>\n\t\t\t\t<\/div>\n\t\t\t\t<\/div>\n\t\t\t\t\t\t<\/div>\n\t\t\t\t\t<\/div>\n\t\t<\/div>\n\t\t\t\t\t\t\t\t<\/div>\n\t\t\t\t\t<\/div>\n\t\t<\/section>\n\t\t\t\t\t\t\t\t\t<\/div>\n\t\t\t<\/div>\n\t\t\t\t\t<\/div>\n\t\t","protected":false},"excerpt":{"rendered":"<p>V\u00f6r\u00f6s Vad\u00e1sz Loke V\u00f6r\u00f6s Vad\u00e1sz Loke (roepnaam Guus), is een krachtige reu die opvalt door z&#8217;n tomeloze wil om te jagen in ieder terrein. Hij jaagt breed en met veel passie. Hij is sociaal, vriendelijk naar andere honden en in huis een absolute schat met andere huisdieren (katten) en kinderen.<\/p>\n","protected":false},"author":1,"featured_media":0,"parent":0,"menu_order":0,"comment_status":"closed","ping_status":"closed","template":"","meta":[],"_links":{"self":[{"href":"https:\/\/vorosvadasz.com\/index.php?rest_route=\/wp\/v2\/pages\/2916"}],"collection":[{"href":"https:\/\/vorosvadasz.com\/index.php?rest_route=\/wp\/v2\/pages"}],"about":[{"href":"https:\/\/vorosvadasz.com\/index.php?rest_route=\/wp\/v2\/types\/page"}],"author":[{"embeddable":true,"href":"https:\/\/vorosvadasz.com\/index.php?rest_route=\/wp\/v2\/users\/1"}],"replies":[{"embeddable":true,"href":"https:\/\/vorosvadasz.com\/index.php?rest_route=%2Fwp%2Fv2%2Fcomments&post=2916"}],"version-history":[{"count":31,"href":"https:\/\/vorosvadasz.com\/index.php?rest_route=\/wp\/v2\/pages\/2916\/revisions"}],"predecessor-version":[{"id":3116,"href":"https:\/\/vorosvadasz.com\/index.php?rest_route=\/wp\/v2\/pages\/2916\/revisions\/3116"}],"wp:attachment":[{"href":"https:\/\/vorosvadasz.com\/index.php?rest_route=%2Fwp%2Fv2%2Fmedia&parent=2916"}],"curies":[{"name":"wp","href":"https:\/\/api.w.org\/{rel}","templated":true}]}}