{"id":3153,"date":"2021-02-17T13:04:01","date_gmt":"2021-02-17T13:04:01","guid":{"rendered":"http:\/\/vorosvadasz.com\/?page_id=3153"},"modified":"2021-02-17T13:04:09","modified_gmt":"2021-02-17T13:04:09","slug":"cookiebeleid-eu","status":"publish","type":"page","link":"https:\/\/vorosvadasz.com\/?page_id=3153","title":{"rendered":"Cookiebeleid (EU)"},"content":{"rendered":"\n<!-- This legal document was generated by Complianz | GDPR\/CCPA Cookie Consent https:\/\/wordpress.org\/plugins\/complianz-gdpr -->\n<div id=\"cmplz-document\" class=\"cmplz-document cookie-statement\"><p><i>Deze Cookieverklaring is voor het laatst bijgewerkt op 17 februari 2021 en is van toepassing op inwoners van de Europese Economische Ruimte.<\/i><\/p><h2>1. Introductie<\/h2><p>Op onze site, <a href=\"https:\/\/vorosvadasz.com\">https:\/\/vorosvadasz.com<\/a> (hierna: \u201cde site\u201d) wordt gebruikgemaakt van cookies en andere aanverwante technieken. (Hierna geldt dat alle technieken voor het gemak \u201ccookies\u201d worden genoemd). Ook via derden die door ons zijn ingeschakeld, worden cookies geplaatst. In het onderstaande document informeren wij je over het gebruik van cookies op onze site.<\/p><h2>2. Wat zijn cookies<\/h2><p>Een cookie is een eenvoudig klein bestandje dat met pagina\u2019s van deze site wordt meegestuurd en door je browser op je harde schrijf van je computer of ander apparaat wordt opgeslagen. De daarin opgeslagen informatie kan bij een volgend bezoek weer naar onze servers of die van de betreffende derde partijen teruggestuurd worden.<\/p><h2>3. Wat zijn scripts?<\/h2><p>Een script is een stukje programmacode dat wordt gebruikt om onze website goed te laten functioneren en interactief te maken. Deze code wordt uitgevoerd op onze server, of op uw apparatuur.<\/p><h2>4. Wat is een web beacon?<\/h2><p>Een web beacon (of een pixeltag) is een klein, onzichtbaar stukje tekst of afbeelding op een site dat gebruikt wordt om verkeer op een site in kaart te brengen. Om dit te doen worden er met behulp van web beacons verschillende gegevens van je opgeslagen.<\/p><h2>5. Cookies<\/h2><p class=\"cmplz-subtitle\">5.1 Technische of functionele cookies<\/p><p>Sommige cookies zorgen ervoor dat bepaalde onderdelen van de site goed werken en dat je gebruikersvoorkeuren bekend blijven. Door het plaatsen van functionele cookies zorgen wij ervoor dat je onze site makkelijker kunt bezoeken. Op deze manier hoef je bijvoorbeeld niet steeds opnieuw dezelfde informatie in te voeren bij een bezoek aan onze site en is het onder andere mogelijk dat de artikelen in je winkelmand bewaard blijven tot dat je hebt afgerekend. Deze cookies mogen wij plaatsen zonder dat je hier toestemming voor geeft. <\/p><p class=\"cmplz-subtitle\">5.2 Analytische cookies<\/p><p>Omdat statistieken anoniem worden verzameld wordt er geen toestemming gevraagd voor het plaatsen analytische cookies.<\/p><p class=\"cmplz-subtitle\">5.3 Marketing\/Tracking cookies<\/p><p>Marketing-\/tracking cookies zijn cookies of enige andere vorm van lokale opslag, die worden gebruikt om gebruikersprofielen te maken om advertenties weer te geven of om de gebruiker op deze site of op verschillende sites te volgen voor vergelijkbare marketingdoeleinden.<\/p><h2>6. Geplaatste cookies<\/h2><div id=\"cmplz-cookies-overview\"><div class=\"cmplz-service-header\"><h3>Elementor<\/h3><\/div>\n<div class=\"cmplz-service-desc cmplz-service-hidden\">\n    <div class=\"cmplz-service-description\">\n\t    <h4>Gebruik<\/h4>\n        <p>We gebruiken Elementor voor content creatie. <a target=\"_blank\" rel=\"noopener noreferrer nofollow\" href=\"https:\/\/cookiedatabase.org\/service\/elementor\">Lees meer<\/a><\/p>\n    <\/div>\n    <div class=\"cmplz-sharing-data\">\n        <h4>Gegevens delen<\/h4>\n        <p>Deze data wordt niet gedeeld met derde partijen.<\/p>\n    <\/div>\n    <div class=\"cookies-per-purpose\">\n    <div class=\"purpose\"><h4>Statistieken (anoniem)<\/h4><\/div>\n    <div class=\"name-header\">\n\t<h5>Naam<\/h5>\n<\/div>\n<div class=\"name\"><a target=\"_blank\" rel=\"noopener noreferrer nofollow\" href=\"https:\/\/cookiedatabase.org\/cookie\/elementor\/elementor\">elementor<\/a><\/div>\n<div class=\"retention-header\">\n\t<h5>Retentie<\/h5>\n<\/div>\n<div class=\"retention\">permanent<\/div>\n<div class=\"function-header\">\n\t<h5>Functie<\/h5>\n<\/div>\n<div class=\"function\">Volgen van acties door gebruikers op een webpagina<\/div>\n\n<\/div>\n<\/div>\n\n<div class=\"cmplz-service-header\"><h3>WordPress<\/h3><\/div>\n<div class=\"cmplz-service-desc cmplz-service-hidden\">\n    <div class=\"cmplz-service-description\">\n\t    <h4>Gebruik<\/h4>\n        <p>We gebruiken WordPress voor website ontwikkeling. <a target=\"_blank\" rel=\"noopener noreferrer nofollow\" href=\"https:\/\/cookiedatabase.org\/service\/wordpress\">Lees meer<\/a><\/p>\n    <\/div>\n    <div class=\"cmplz-sharing-data\">\n        <h4>Gegevens delen<\/h4>\n        <p>Deze data wordt niet gedeeld met derde partijen.<\/p>\n    <\/div>\n    <div class=\"cookies-per-purpose\">\n    <div class=\"purpose\"><h4>Doel wordt onderzocht<\/h4><\/div>\n    <div class=\"name-header\">\n\t<h5>Naam<\/h5>\n<\/div>\n<div class=\"name\"><a target=\"_blank\" rel=\"noopener noreferrer nofollow\" href=\"https:\/\/cookiedatabase.org\/cookie\/wordpress\/wordpress_logged_in_0fccad09e111918db6363377b39bc8af\">wordpress_logged_in_*<\/a><\/div>\n<div class=\"retention-header\">\n\t<h5>Retentie<\/h5>\n<\/div>\n<div class=\"retention\"><\/div>\n<div class=\"function-header\">\n\t<h5>Functie<\/h5>\n<\/div>\n<div class=\"function\"><\/div>\n\n<\/div>\n<\/div>\n\n<div class=\"cmplz-service-header\"><h3>Google Fonts<\/h3><\/div>\n<div class=\"cmplz-service-desc cmplz-service-hidden\">\n    <div class=\"cmplz-service-description\">\n\t    <h4>Gebruik<\/h4>\n        <p>We gebruiken Google Fonts voor het vertonen van web-lettertypen. <a target=\"_blank\" rel=\"noopener noreferrer nofollow\" href=\"https:\/\/cookiedatabase.org\/service\/google-fonts\">Lees meer<\/a><\/p>\n    <\/div>\n    <div class=\"cmplz-sharing-data\">\n        <h4>Gegevens delen<\/h4>\n        <p>Voor meer informatie, lees de <a target=\"_blank\" rel=\"noopener noreferrer nofollow\" href=\"https:\/\/policies.google.com\/privacy\">Google Fonts Privacyverklaring<\/a>.<\/p>\n    <\/div>\n    <div class=\"cookies-per-purpose\">\n    <div class=\"purpose\"><h4>Doel wordt onderzocht<\/h4><\/div>\n    <div class=\"name-header\">\n\t<h5>Naam<\/h5>\n<\/div>\n<div class=\"name\">Google Fonts API<\/div>\n<div class=\"retention-header\">\n\t<h5>Retentie<\/h5>\n<\/div>\n<div class=\"retention\"><\/div>\n<div class=\"function-header\">\n\t<h5>Functie<\/h5>\n<\/div>\n<div class=\"function\"><\/div>\n\n<\/div>\n<\/div>\n\n<div class=\"cmplz-service-header\"><h3>YouTube<\/h3><\/div>\n<div class=\"cmplz-service-desc cmplz-service-hidden\">\n    <div class=\"cmplz-service-description\">\n\t    <h4>Gebruik<\/h4>\n        <p>We gebruiken YouTube voor het tonen van video&#039;s. <a target=\"_blank\" rel=\"noopener noreferrer nofollow\" href=\"https:\/\/cookiedatabase.org\/service\/youtube\">Lees meer<\/a><\/p>\n    <\/div>\n    <div class=\"cmplz-sharing-data\">\n        <h4>Gegevens delen<\/h4>\n        <p>Voor meer informatie, lees de <a target=\"_blank\" rel=\"noopener noreferrer nofollow\" href=\"https:\/\/policies.google.com\/privacy\">YouTube Privacyverklaring<\/a>.<\/p>\n    <\/div>\n    <div class=\"cookies-per-purpose\">\n    <div class=\"purpose\"><h4>Doel wordt onderzocht<\/h4><\/div>\n    <div class=\"name-header\">\n\t<h5>Naam<\/h5>\n<\/div>\n<div class=\"name\">GPS<\/div>\n<div class=\"retention-header\">\n\t<h5>Retentie<\/h5>\n<\/div>\n<div class=\"retention\"><\/div>\n<div class=\"function-header\">\n\t<h5>Functie<\/h5>\n<\/div>\n<div class=\"function\"><\/div>\n<div class=\"name-header\">\n\t<h5>Naam<\/h5>\n<\/div>\n<div class=\"name\">VISITOR_INFO1_LIVE<\/div>\n<div class=\"retention-header\">\n\t<h5>Retentie<\/h5>\n<\/div>\n<div class=\"retention\"><\/div>\n<div class=\"function-header\">\n\t<h5>Functie<\/h5>\n<\/div>\n<div class=\"function\"><\/div>\n\n<\/div><div class=\"cookies-per-purpose\">\n    <div class=\"purpose\"><h4>Statistieken<\/h4><\/div>\n    <div class=\"name-header\">\n\t<h5>Naam<\/h5>\n<\/div>\n<div class=\"name\"><a target=\"_blank\" rel=\"noopener noreferrer nofollow\" href=\"https:\/\/cookiedatabase.org\/cookie\/youtube\/ysc\">YSC<\/a><\/div>\n<div class=\"retention-header\">\n\t<h5>Retentie<\/h5>\n<\/div>\n<div class=\"retention\">sessie<\/div>\n<div class=\"function-header\">\n\t<h5>Functie<\/h5>\n<\/div>\n<div class=\"function\">Opslaan van een unieke gebruikers ID<\/div>\n<div class=\"name-header\">\n\t<h5>Naam<\/h5>\n<\/div>\n<div class=\"name\"><a target=\"_blank\" rel=\"noopener noreferrer nofollow\" href=\"https:\/\/cookiedatabase.org\/cookie\/youtube\/pref\">PREF<\/a><\/div>\n<div class=\"retention-header\">\n\t<h5>Retentie<\/h5>\n<\/div>\n<div class=\"retention\">1 jaar<\/div>\n<div class=\"function-header\">\n\t<h5>Functie<\/h5>\n<\/div>\n<div class=\"function\">Volgen van bezoeken over verschillende websites<\/div>\n\n<\/div>\n<\/div>\n\n<div class=\"cmplz-service-header\"><h3>Diversen<\/h3><\/div>\n<div class=\"cmplz-service-desc cmplz-service-hidden\">\n    <div class=\"cmplz-service-description\">\n\t    <h4>Gebruik<\/h4>\n        <p><\/p>\n    <\/div>\n    <div class=\"cmplz-sharing-data\">\n        <h4>Gegevens delen<\/h4>\n        <p>Delen van gegevens wordt onderzocht<\/p>\n    <\/div>\n    <div class=\"cookies-per-purpose\">\n    <div class=\"purpose\"><h4>Doel wordt onderzocht<\/h4><\/div>\n    <div class=\"name-header\">\n\t<h5>Naam<\/h5>\n<\/div>\n<div class=\"name\">e_globals<\/div>\n<div class=\"retention-header\">\n\t<h5>Retentie<\/h5>\n<\/div>\n<div class=\"retention\"><\/div>\n<div class=\"function-header\">\n\t<h5>Functie<\/h5>\n<\/div>\n<div class=\"function\"><\/div>\n\n<\/div>\n<\/div>\n\n<\/div><h2>7. Toestemming<\/h2><p>Wanneer je onze website voor het eerst bezoekt, tonen wij een pop-up met uitleg over cookies. Zodra je klikt op \u2018Voorkeuren bewaren\u2019, geef je ons toestemming om de categorie\u00ebn cookies en plug-ins te gebruiken die u heeft geselecteerd in de pop-up en welke zijn omschreven in het Cookiebeleid. Je kunt via je browser het plaatsen van cookies uitschakelen, houd er dan wel rekening mee dat onze website mogelijk niet meer optimaal werkt.<\/p><p class=\"cmplz-subtitle\">7.1 Beheer je cookie toestemming<\/p><p><a id=\"manage-consent\"><\/a><p id=\"cmplz-manage-consent-container\" class=\"cmplz-manage-consent-container\"><\/p><\/p><h2>8. Je rechten met betrekking tot persoonsgegevens<\/h2><p>Je hebt de volgende rechten met betrekking tot je persoonsgegevens:<\/p><p><ul>\n                    <li>Je hebt het recht om te weten waarom je persoonsgegevens nodig zijn, wat ermee gebeurt en hoe lang deze worden bewaard.<\/li>\n                    <li>Recht op inzage: je kunt een verzoek indienen om inzage in de gegevens die we van je verwerken.<\/li>\n                    <li>Recht op rectificatie en aanvulling: je hebt het recht om je persoonlijke gegevens aan te vullen, te corrigeren, te verwijderen of te blokkeren wanneer je maar wilt.<\/li>\n                    <li>Als je ons toestemming geeft om je gegevens te verwerken, heb je het recht om die toestemming in te trekken en je persoonlijke gegevens te laten verwijderen.<\/li>\n                    <li>Recht op gegevens portabiliteit: je hebt het recht om al je persoonlijke gegevens op te vragen bij de verwerkingsverantwoordelijke en deze in zijn geheel over te dragen aan een andere verwerkingsverantwoordelijke.<\/li>\n                    <li>Recht op bezwaar: je kunt bezwaar maken tegen de verwerking van je gegevens. Wij komen hieraan tegemoet, tenzij er gegronde redenen voor verwerking zijn.<\/li>\n                <\/ul><\/p><p>Om deze rechten uit te kunnen oefenen, kun je contact met ons opnemen. Zie hiervoor de contactinformatie onder aan deze Cookieverklaring. Heb je een klacht over hoe we met uw gegevens omgaan, dan horen wij dit graag, maar je hebt ook het recht om een klacht in te dienen bij de toezichthouder (de Autoriteit Persoonsgegevens).<\/p><h2>9. Cookies in- \/ uitschakelen en verwijderen<\/h2><p>Via je internetbrowser kun je cookies automatisch of handmatig verwijderen. Je kunt ook aangeven dat bepaalde cookies niet geplaatst mogen worden. Een andere mogelijkheid is dat je je internetbrowser zodanig instelt dat je een bericht ontvangt als er een cookie wordt geplaatst. Meer informatie over deze mogelijkheden kun je vinden in de instructies van de Help-functie van uw browser.<\/p><p>Let op: onze site werkt mogelijk niet optimaal als alle cookies zijn uitgeschakeld. Als je wel de cookies in je browser verwijdert, worden ze na je toestemming opnieuw geplaatst bij een nieuw bezoek aan onze sites.<\/p><h2>10. Contactinformatie<\/h2><p>Voor vragen en\/of opmerkingen met betrekking tot ons Cookiebeleid en deze verklaring kun je contact met ons opnemen via de volgende contactinformatie:<\/p><p>Vizsla Kennel V\u00f6r\u00f6s Vad\u00e1sz<br>\n                    Rameaulaantje 25<br \/>\r\n1431 XZ Aalsmeer<br>\n                    Nederland<br>\n                    Website: <a href=\"https:\/\/vorosvadasz.com\">https:\/\/vorosvadasz.com<\/a> <br>\n                    Email: <a href=\"mailto:info&#x40;vorosvad&#097;sz&#046;com\">info&#x40;vorosvad&#097;sz&#046;com<\/a> <br>\n                    Telefoonnummer: +31612784257<br><\/p><p>Dit Cookiebeleid is gesynchroniseerd met <a href=\"https:\/\/cookiedatabase.org\" target=\"_blank\">cookiedatabase.org<\/a> op 17 februari 2021<\/p><\/div>\n","protected":false},"excerpt":{"rendered":"","protected":false},"author":1,"featured_media":0,"parent":0,"menu_order":0,"comment_status":"closed","ping_status":"closed","template":"","meta":[],"_links":{"self":[{"href":"https:\/\/vorosvadasz.com\/index.php?rest_route=\/wp\/v2\/pages\/3153"}],"collection":[{"href":"https:\/\/vorosvadasz.com\/index.php?rest_route=\/wp\/v2\/pages"}],"about":[{"href":"https:\/\/vorosvadasz.com\/index.php?rest_route=\/wp\/v2\/types\/page"}],"author":[{"embeddable":true,"href":"https:\/\/vorosvadasz.com\/index.php?rest_route=\/wp\/v2\/users\/1"}],"replies":[{"embeddable":true,"href":"https:\/\/vorosvadasz.com\/index.php?rest_route=%2Fwp%2Fv2%2Fcomments&post=3153"}],"version-history":[{"count":1,"href":"https:\/\/vorosvadasz.com\/index.php?rest_route=\/wp\/v2\/pages\/3153\/revisions"}],"predecessor-version":[{"id":3155,"href":"https:\/\/vorosvadasz.com\/index.php?rest_route=\/wp\/v2\/pages\/3153\/revisions\/3155"}],"wp:attachment":[{"href":"https:\/\/vorosvadasz.com\/index.php?rest_route=%2Fwp%2Fv2%2Fmedia&parent=3153"}],"curies":[{"name":"wp","href":"https:\/\/api.w.org\/{rel}","templated":true}]}}